{"id":550,"date":"2021-11-23T13:05:23","date_gmt":"2021-11-23T13:05:23","guid":{"rendered":"https:\/\/chateauhordosse.com\/?page_id=550"},"modified":"2022-03-07T16:54:48","modified_gmt":"2022-03-07T16:54:48","slug":"reserver","status":"publish","type":"page","link":"https:\/\/chateauhordosse.com\/fr\/reserver\/","title":{"rendered":"R\u00e9server Votre S\u00e9jour Au Ch\u00e2teau"},"content":{"rendered":"\n<div class=\"wp-block-themeisle-blocks-advanced-columns has-1-columns has-desktop-equal-layout has-tablet-equal-layout has-mobile-equal-layout has-default-gap has-vertical-unset non-flex\" id=\"wp-block-themeisle-blocks-advanced-columns-a0d4ef03\"><div class=\"wp-block-themeisle-blocks-advanced-columns-overlay\"><\/div><div class=\"innerblocks-wrap\">\n<div class=\"wp-block-themeisle-blocks-advanced-column text-narrow\" id=\"wp-block-themeisle-blocks-advanced-column-c25889bc\">\n<div class=\"wpcf7 no-js\" id=\"wpcf7-f698-o1\" lang=\"en-GB\" dir=\"ltr\" data-wpcf7-id=\"698\">\n<div class=\"screen-reader-response\"><p role=\"status\" aria-live=\"polite\" aria-atomic=\"true\"><\/p> <ul><\/ul><\/div>\n<form action=\"\/fr\/wp-json\/wp\/v2\/pages\/550#wpcf7-f698-o1\" method=\"post\" class=\"wpcf7-form init\" aria-label=\"Contact form\" novalidate=\"novalidate\" data-status=\"init\">\n<fieldset class=\"hidden-fields-container\"><input type=\"hidden\" name=\"_wpcf7\" value=\"698\" \/><input type=\"hidden\" name=\"_wpcf7_version\" value=\"6.1.5\" \/><input type=\"hidden\" name=\"_wpcf7_locale\" value=\"en_GB\" \/><input type=\"hidden\" name=\"_wpcf7_unit_tag\" value=\"wpcf7-f698-o1\" \/><input type=\"hidden\" name=\"_wpcf7_container_post\" value=\"0\" \/><input type=\"hidden\" name=\"_wpcf7_posted_data_hash\" value=\"\" \/><input type=\"hidden\" name=\"_wpcf7_recaptcha_response\" value=\"\" \/>\n<\/fieldset>\n<p>Afin de r\u00e9server votre s\u00e9jour, merci de compl\u00e9ter ce petit formulaire. Nous reviendrons vers vous d\u00e8s que possible pour confirmer votre r\u00e9servation.\n<\/p>\n<p>* = Champ obligatoire\n<\/p>\n<p><label> Votre nom : *<br \/>\n<span class=\"wpcf7-form-control-wrap\" data-name=\"your-name\"><input size=\"40\" maxlength=\"400\" class=\"wpcf7-form-control wpcf7-text wpcf7-validates-as-required\" aria-required=\"true\" aria-invalid=\"false\" value=\"\" type=\"text\" name=\"your-name\" \/><\/span> <\/label>\n<\/p>\n<p><label> Votre adresse e-mail : *<br \/>\n<span class=\"wpcf7-form-control-wrap\" data-name=\"your-email\"><input size=\"40\" maxlength=\"400\" class=\"wpcf7-form-control wpcf7-email wpcf7-validates-as-required wpcf7-text wpcf7-validates-as-email\" aria-required=\"true\" aria-invalid=\"false\" value=\"\" type=\"email\" name=\"your-email\" \/><\/span> <\/label>\n<\/p>\n<p><label> Votre num\u00e9ro de t\u00e9l : *<br \/>\n<span class=\"wpcf7-form-control-wrap\" data-name=\"text-596\"><input size=\"40\" maxlength=\"400\" class=\"wpcf7-form-control wpcf7-text\" aria-invalid=\"false\" value=\"\" type=\"text\" name=\"text-596\" \/><\/span><\/label>\n<\/p>\n<p><label> Votre adresse:<br \/>\n<span class=\"wpcf7-form-control-wrap\" data-name=\"your-address\"><textarea cols=\"40\" rows=\"10\" maxlength=\"2000\" class=\"wpcf7-form-control wpcf7-textarea\" aria-invalid=\"false\" name=\"your-address\"><\/textarea><\/span><\/label>\n<\/p>\n<p><label> Nombre de personnes dans votre groupe : *<br \/>\n<span class=\"wpcf7-form-control-wrap\" data-name=\"number-576\"><input class=\"wpcf7-form-control wpcf7-number wpcf7-validates-as-required wpcf7-validates-as-number\" aria-required=\"true\" aria-invalid=\"false\" value=\"\" type=\"number\" name=\"number-576\" \/><\/span><\/label>\n<\/p>\n<p><label> Merci de pr\u00e9ciser les ages de toute personne de moins de 18 ans :<br \/>\n<span class=\"wpcf7-form-control-wrap\" data-name=\"text-595\"><input size=\"40\" maxlength=\"400\" class=\"wpcf7-form-control wpcf7-text\" aria-invalid=\"false\" value=\"\" type=\"text\" name=\"text-595\" \/><\/span> <\/label>\n<\/p>\n<p><label> Date d'arriv\u00e9e souhait\u00e9.e : *<br \/>\n<span class=\"wpcf7-form-control-wrap\" data-name=\"date-708\"><input class=\"wpcf7-form-control wpcf7-date wpcf7-validates-as-required wpcf7-validates-as-date\" aria-required=\"true\" aria-invalid=\"false\" value=\"\" type=\"date\" name=\"date-708\" \/><\/span><\/label>\n<\/p>\n<p><label> Dur\u00e9e de s\u00e9jour (nuits) : *<br \/>\n<span class=\"wpcf7-form-control-wrap\" data-name=\"number-160\"><input class=\"wpcf7-form-control wpcf7-number wpcf7-validates-as-required wpcf7-validates-as-number\" aria-required=\"true\" aria-invalid=\"false\" value=\"\" type=\"number\" name=\"number-160\" \/><\/span> <\/label>\n<\/p>\n<p><label> Genre de chambre souhait\u00e9.e :<br \/>\n<span class=\"wpcf7-form-control-wrap\" data-name=\"menu-810\"><select class=\"wpcf7-form-control wpcf7-select wpcf7-validates-as-required\" aria-required=\"true\" aria-invalid=\"false\" name=\"menu-810\"><option value=\"\">&#8212;Please choose an option&#8212;<\/option><option value=\"Double\">Double<\/option><option value=\"Familiale\">Familiale<\/option><\/select><\/span> <\/label>\n<\/p>\n<p><label> Veuillez indiquer tout r\u00e9gime alimentaire particulier :<br \/>\n<span class=\"wpcf7-form-control-wrap\" data-name=\"dietary-needs\"><textarea cols=\"40\" rows=\"10\" maxlength=\"2000\" class=\"wpcf7-form-control wpcf7-textarea\" aria-invalid=\"false\" name=\"dietary-needs\"><\/textarea><\/span> <\/label>\n<\/p>\n<p><label> Toute autre question ou commentaire :<br \/>\n<span class=\"wpcf7-form-control-wrap\" data-name=\"your-message\"><textarea cols=\"40\" rows=\"10\" maxlength=\"2000\" class=\"wpcf7-form-control wpcf7-textarea\" aria-invalid=\"false\" name=\"your-message\"><\/textarea><\/span> <\/label>\n<\/p>\n<p><input class=\"wpcf7-form-control wpcf7-submit has-spinner\" type=\"submit\" value=\"Envoyer\" \/>\n<\/p><div class=\"wpcf7-response-output\" aria-hidden=\"true\"><\/div>\n<\/form>\n<\/div>\n\n<\/div>\n<\/div><\/div>\n","protected":false},"excerpt":{"rendered":"","protected":false},"author":1,"featured_media":650,"parent":0,"menu_order":0,"comment_status":"closed","ping_status":"closed","template":"","meta":{"neve_meta_sidebar":"full-width","neve_meta_container":"","neve_meta_enable_content_width":"on","neve_meta_content_width":100,"neve_meta_title_alignment":"","neve_meta_author_avatar":"","neve_post_elements_order":"","neve_meta_disable_header":"","neve_meta_disable_footer":"","neve_meta_disable_title":"","_themeisle_gutenberg_block_has_review":false,"footnotes":""},"class_list":["post-550","page","type-page","status-publish","has-post-thumbnail","hentry"],"yoast_head":"<!-- This site is optimized with the Yoast SEO plugin v27.3 - https:\/\/yoast.com\/product\/yoast-seo-wordpress\/ -->\n<title>S\u00e9journez au Ch\u00e2teau Hordosse chambre d\u2019H\u00f4te et g\u00eete, Lot-et-Garonne<\/title>\n<meta name=\"description\" content=\"R\u00e9servez votre s\u00e9jour au luxueux ch\u00e2teau Hordosse dans le Lot-et-Garonne.\" \/>\n<meta name=\"robots\" content=\"index, follow, max-snippet:-1, max-image-preview:large, max-video-preview:-1\" \/>\n<link rel=\"canonical\" href=\"https:\/\/chateauhordosse.com\/fr\/reserver\/\" \/>\n<meta property=\"og:locale\" content=\"fr_FR\" \/>\n<meta property=\"og:type\" content=\"article\" \/>\n<meta property=\"og:title\" content=\"S\u00e9journez au Ch\u00e2teau Hordosse chambre d\u2019H\u00f4te et g\u00eete, Lot-et-Garonne\" \/>\n<meta property=\"og:description\" content=\"R\u00e9servez votre s\u00e9jour au luxueux ch\u00e2teau Hordosse dans le Lot-et-Garonne.\" \/>\n<meta property=\"og:url\" content=\"https:\/\/chateauhordosse.com\/fr\/reserver\/\" \/>\n<meta property=\"og:site_name\" content=\"Ch\u00e2teau Hordosse\" \/>\n<meta property=\"article:modified_time\" content=\"2022-03-07T16:54:48+00:00\" \/>\n<meta property=\"og:image\" content=\"https:\/\/chateauhordosse.com\/wp-content\/uploads\/2022\/02\/book-your-stay.jpg\" \/>\n\t<meta property=\"og:image:width\" content=\"1500\" \/>\n\t<meta property=\"og:image:height\" content=\"844\" \/>\n\t<meta property=\"og:image:type\" content=\"image\/jpeg\" \/>\n<meta name=\"twitter:card\" content=\"summary_large_image\" \/>\n<script type=\"application\/ld+json\" class=\"yoast-schema-graph\">{\"@context\":\"https:\\\/\\\/schema.org\",\"@graph\":[{\"@type\":\"WebPage\",\"@id\":\"https:\\\/\\\/chateauhordosse.com\\\/fr\\\/reserver\\\/\",\"url\":\"https:\\\/\\\/chateauhordosse.com\\\/fr\\\/reserver\\\/\",\"name\":\"S\u00e9journez au Ch\u00e2teau Hordosse chambre d\u2019H\u00f4te et g\u00eete, Lot-et-Garonne\",\"isPartOf\":{\"@id\":\"https:\\\/\\\/chateauhordosse.com\\\/#website\"},\"primaryImageOfPage\":{\"@id\":\"https:\\\/\\\/chateauhordosse.com\\\/fr\\\/reserver\\\/#primaryimage\"},\"image\":{\"@id\":\"https:\\\/\\\/chateauhordosse.com\\\/fr\\\/reserver\\\/#primaryimage\"},\"thumbnailUrl\":\"https:\\\/\\\/chateauhordosse.com\\\/wp-content\\\/uploads\\\/2022\\\/02\\\/book-your-stay.jpg\",\"datePublished\":\"2021-11-23T13:05:23+00:00\",\"dateModified\":\"2022-03-07T16:54:48+00:00\",\"description\":\"R\u00e9servez votre s\u00e9jour au luxueux ch\u00e2teau Hordosse dans le Lot-et-Garonne.\",\"breadcrumb\":{\"@id\":\"https:\\\/\\\/chateauhordosse.com\\\/fr\\\/reserver\\\/#breadcrumb\"},\"inLanguage\":\"fr-FR\",\"potentialAction\":[{\"@type\":\"ReadAction\",\"target\":[\"https:\\\/\\\/chateauhordosse.com\\\/fr\\\/reserver\\\/\"]}]},{\"@type\":\"ImageObject\",\"inLanguage\":\"fr-FR\",\"@id\":\"https:\\\/\\\/chateauhordosse.com\\\/fr\\\/reserver\\\/#primaryimage\",\"url\":\"https:\\\/\\\/chateauhordosse.com\\\/wp-content\\\/uploads\\\/2022\\\/02\\\/book-your-stay.jpg\",\"contentUrl\":\"https:\\\/\\\/chateauhordosse.com\\\/wp-content\\\/uploads\\\/2022\\\/02\\\/book-your-stay.jpg\",\"width\":1500,\"height\":844},{\"@type\":\"BreadcrumbList\",\"@id\":\"https:\\\/\\\/chateauhordosse.com\\\/fr\\\/reserver\\\/#breadcrumb\",\"itemListElement\":[{\"@type\":\"ListItem\",\"position\":1,\"name\":\"Home\",\"item\":\"https:\\\/\\\/chateauhordosse.com\\\/fr\\\/\"},{\"@type\":\"ListItem\",\"position\":2,\"name\":\"R\u00e9server Votre S\u00e9jour Au Ch\u00e2teau\"}]},{\"@type\":\"WebSite\",\"@id\":\"https:\\\/\\\/chateauhordosse.com\\\/#website\",\"url\":\"https:\\\/\\\/chateauhordosse.com\\\/\",\"name\":\"Ch\u00e2teau Hordosse\",\"description\":\"Chateau holiday accommodation in Lot-et-Garonne, France\",\"publisher\":{\"@id\":\"https:\\\/\\\/chateauhordosse.com\\\/#organization\"},\"potentialAction\":[{\"@type\":\"SearchAction\",\"target\":{\"@type\":\"EntryPoint\",\"urlTemplate\":\"https:\\\/\\\/chateauhordosse.com\\\/?s={search_term_string}\"},\"query-input\":{\"@type\":\"PropertyValueSpecification\",\"valueRequired\":true,\"valueName\":\"search_term_string\"}}],\"inLanguage\":\"fr-FR\"},{\"@type\":\"Organization\",\"@id\":\"https:\\\/\\\/chateauhordosse.com\\\/#organization\",\"name\":\"Ch\u00e2teau Hordosse\",\"url\":\"https:\\\/\\\/chateauhordosse.com\\\/\",\"logo\":{\"@type\":\"ImageObject\",\"inLanguage\":\"fr-FR\",\"@id\":\"https:\\\/\\\/chateauhordosse.com\\\/#\\\/schema\\\/logo\\\/image\\\/\",\"url\":\"https:\\\/\\\/chateauhordosse.com\\\/wp-content\\\/uploads\\\/2020\\\/02\\\/chateau-hordosse-holiday-accommodation-logo.png\",\"contentUrl\":\"https:\\\/\\\/chateauhordosse.com\\\/wp-content\\\/uploads\\\/2020\\\/02\\\/chateau-hordosse-holiday-accommodation-logo.png\",\"width\":1400,\"height\":479,\"caption\":\"Ch\u00e2teau Hordosse\"},\"image\":{\"@id\":\"https:\\\/\\\/chateauhordosse.com\\\/#\\\/schema\\\/logo\\\/image\\\/\"}}]}<\/script>\n<!-- \/ Yoast SEO plugin. -->","yoast_head_json":{"title":"S\u00e9journez au Ch\u00e2teau Hordosse chambre d\u2019H\u00f4te et g\u00eete, Lot-et-Garonne","description":"R\u00e9servez votre s\u00e9jour au luxueux ch\u00e2teau Hordosse dans le Lot-et-Garonne.","robots":{"index":"index","follow":"follow","max-snippet":"max-snippet:-1","max-image-preview":"max-image-preview:large","max-video-preview":"max-video-preview:-1"},"canonical":"https:\/\/chateauhordosse.com\/fr\/reserver\/","og_locale":"fr_FR","og_type":"article","og_title":"S\u00e9journez au Ch\u00e2teau Hordosse chambre d\u2019H\u00f4te et g\u00eete, Lot-et-Garonne","og_description":"R\u00e9servez votre s\u00e9jour au luxueux ch\u00e2teau Hordosse dans le Lot-et-Garonne.","og_url":"https:\/\/chateauhordosse.com\/fr\/reserver\/","og_site_name":"Ch\u00e2teau Hordosse","article_modified_time":"2022-03-07T16:54:48+00:00","og_image":[{"width":1500,"height":844,"url":"https:\/\/chateauhordosse.com\/wp-content\/uploads\/2022\/02\/book-your-stay.jpg","type":"image\/jpeg"}],"twitter_card":"summary_large_image","schema":{"@context":"https:\/\/schema.org","@graph":[{"@type":"WebPage","@id":"https:\/\/chateauhordosse.com\/fr\/reserver\/","url":"https:\/\/chateauhordosse.com\/fr\/reserver\/","name":"S\u00e9journez au Ch\u00e2teau Hordosse chambre d\u2019H\u00f4te et g\u00eete, Lot-et-Garonne","isPartOf":{"@id":"https:\/\/chateauhordosse.com\/#website"},"primaryImageOfPage":{"@id":"https:\/\/chateauhordosse.com\/fr\/reserver\/#primaryimage"},"image":{"@id":"https:\/\/chateauhordosse.com\/fr\/reserver\/#primaryimage"},"thumbnailUrl":"https:\/\/chateauhordosse.com\/wp-content\/uploads\/2022\/02\/book-your-stay.jpg","datePublished":"2021-11-23T13:05:23+00:00","dateModified":"2022-03-07T16:54:48+00:00","description":"R\u00e9servez votre s\u00e9jour au luxueux ch\u00e2teau Hordosse dans le Lot-et-Garonne.","breadcrumb":{"@id":"https:\/\/chateauhordosse.com\/fr\/reserver\/#breadcrumb"},"inLanguage":"fr-FR","potentialAction":[{"@type":"ReadAction","target":["https:\/\/chateauhordosse.com\/fr\/reserver\/"]}]},{"@type":"ImageObject","inLanguage":"fr-FR","@id":"https:\/\/chateauhordosse.com\/fr\/reserver\/#primaryimage","url":"https:\/\/chateauhordosse.com\/wp-content\/uploads\/2022\/02\/book-your-stay.jpg","contentUrl":"https:\/\/chateauhordosse.com\/wp-content\/uploads\/2022\/02\/book-your-stay.jpg","width":1500,"height":844},{"@type":"BreadcrumbList","@id":"https:\/\/chateauhordosse.com\/fr\/reserver\/#breadcrumb","itemListElement":[{"@type":"ListItem","position":1,"name":"Home","item":"https:\/\/chateauhordosse.com\/fr\/"},{"@type":"ListItem","position":2,"name":"R\u00e9server Votre S\u00e9jour Au Ch\u00e2teau"}]},{"@type":"WebSite","@id":"https:\/\/chateauhordosse.com\/#website","url":"https:\/\/chateauhordosse.com\/","name":"Ch\u00e2teau Hordosse","description":"Chateau holiday accommodation in Lot-et-Garonne, France","publisher":{"@id":"https:\/\/chateauhordosse.com\/#organization"},"potentialAction":[{"@type":"SearchAction","target":{"@type":"EntryPoint","urlTemplate":"https:\/\/chateauhordosse.com\/?s={search_term_string}"},"query-input":{"@type":"PropertyValueSpecification","valueRequired":true,"valueName":"search_term_string"}}],"inLanguage":"fr-FR"},{"@type":"Organization","@id":"https:\/\/chateauhordosse.com\/#organization","name":"Ch\u00e2teau Hordosse","url":"https:\/\/chateauhordosse.com\/","logo":{"@type":"ImageObject","inLanguage":"fr-FR","@id":"https:\/\/chateauhordosse.com\/#\/schema\/logo\/image\/","url":"https:\/\/chateauhordosse.com\/wp-content\/uploads\/2020\/02\/chateau-hordosse-holiday-accommodation-logo.png","contentUrl":"https:\/\/chateauhordosse.com\/wp-content\/uploads\/2020\/02\/chateau-hordosse-holiday-accommodation-logo.png","width":1400,"height":479,"caption":"Ch\u00e2teau Hordosse"},"image":{"@id":"https:\/\/chateauhordosse.com\/#\/schema\/logo\/image\/"}}]}},"_links":{"self":[{"href":"https:\/\/chateauhordosse.com\/fr\/wp-json\/wp\/v2\/pages\/550","targetHints":{"allow":["GET"]}}],"collection":[{"href":"https:\/\/chateauhordosse.com\/fr\/wp-json\/wp\/v2\/pages"}],"about":[{"href":"https:\/\/chateauhordosse.com\/fr\/wp-json\/wp\/v2\/types\/page"}],"author":[{"embeddable":true,"href":"https:\/\/chateauhordosse.com\/fr\/wp-json\/wp\/v2\/users\/1"}],"replies":[{"embeddable":true,"href":"https:\/\/chateauhordosse.com\/fr\/wp-json\/wp\/v2\/comments?post=550"}],"version-history":[{"count":6,"href":"https:\/\/chateauhordosse.com\/fr\/wp-json\/wp\/v2\/pages\/550\/revisions"}],"predecessor-version":[{"id":741,"href":"https:\/\/chateauhordosse.com\/fr\/wp-json\/wp\/v2\/pages\/550\/revisions\/741"}],"wp:featuredmedia":[{"embeddable":true,"href":"https:\/\/chateauhordosse.com\/fr\/wp-json\/wp\/v2\/media\/650"}],"wp:attachment":[{"href":"https:\/\/chateauhordosse.com\/fr\/wp-json\/wp\/v2\/media?parent=550"}],"curies":[{"name":"wp","href":"https:\/\/api.w.org\/{rel}","templated":true}]}}