{"id":556,"date":"2020-02-17T11:33:39","date_gmt":"2020-02-17T11:33:39","guid":{"rendered":"https:\/\/chateauhordosse.com\/?page_id=556"},"modified":"2022-03-08T10:41:45","modified_gmt":"2022-03-08T10:41:45","slug":"installations","status":"publish","type":"page","link":"https:\/\/chateauhordosse.com\/fr\/installations\/","title":{"rendered":"Les Installations"},"content":{"rendered":"\n<div class=\"wp-block-themeisle-blocks-advanced-columns has-1-columns has-desktop-equal-layout has-tablet-equal-layout has-mobile-equal-layout has-default-gap has-vertical-unset non-flex\" id=\"wp-block-themeisle-blocks-advanced-columns-a0d4ef03\"><div class=\"wp-block-themeisle-blocks-advanced-columns-overlay\"><\/div><div class=\"innerblocks-wrap\">\n<div class=\"wp-block-themeisle-blocks-advanced-column text-narrow\" id=\"wp-block-themeisle-blocks-advanced-column-c25889bc\">\n<p>Au ch\u00e2teau Hordosse, chacun y trouve son compte. Notre piscine au sel chauff\u00e9e de 15 m\u00e8tres est id\u00e9ale pour une baignade \u00e9nergisante t\u00f4t le matin, ou encore pour se rafra\u00eechir sous le soleil de l\u2019apr\u00e8s-midi. Enti\u00e8rement cl\u00f4tur\u00e9e, elle est \u00e9quip\u00e9e d&rsquo;une alarme. Dans l&rsquo;enceinte de la piscine, une grande pataugeoire est parfait pour les enfants, ou bien aussi pour tout adulte souhaitant se pr\u00e9lasser avec une boisson fra\u00eeche.<\/p>\n\n\n\n<p>Si vous avez envie de vous d\u00e9tendre, vous pouvez vous allonger sous l&rsquo;un des nombreux arbres avec un bon livre, ou juste appr\u00e9cier les sons paisibles de ce paysage pr\u00e9serv\u00e9.<\/p>\n\n\n\n<p>Comme ch\u00e2teau Hordosse se situe sur deux rivi\u00e8res, il est \u00e9galement possible de p\u00eacher. La rivi\u00e8re Osse rec\u00e8le des truites et est tr\u00e8s populaire aupr\u00e8s des p\u00eacheurs locaux. Si vous souhaitez p\u00eacher, merci de nous pr\u00e9venir \u00e0 l&rsquo;avance car il faut obtenir un permis, pour un prix symbolique.<\/p>\n\n\n\n<p>Aux alentours du ch\u00e2teau Hordosse, vous trouverez des cano\u00ebs \u00e0 louer, des promenades \u00e0 poney, un accro-parc pour enfants et adultes et, \u00e0 10 minutes de route, un parcours de golf de 18 trous. A moins de 3 kilom\u00e8tres, il y a un parc d&rsquo;activit\u00e9s de plein air dans les bois, avec Accrobranche, cano\u00eb, poney et trekking pieds nus !<\/p>\n\n\n\n<p>Il existe d&rsquo;excellents itin\u00e9raires de randonn\u00e9e balis\u00e9s pour tous les niveaux. Dans la ville avoisinante de Nerac, il est possible de louer des v\u00e9los.<\/p>\n\n\n\n<p>On peut aussi bien s\u00fbr passer un peu de temps \u00e0 d\u00e9guster les vins locaux de la r\u00e9gion de Buzet ou voyager un peu plus loin pour go\u00fbter les fameux vins de Bordeaux.<\/p>\n\n\n\n<figure class=\"wp-block-gallery has-nested-images columns-default is-cropped wp-block-gallery-1 is-layout-flex wp-block-gallery-is-layout-flex\">\n<figure class=\"wp-block-image size-large\"><a href=\"https:\/\/chateauhordosse.com\/wp-content\/uploads\/2022\/02\/chateau-garden.jpg\" data-lbwps-width=\"1000\" data-lbwps-height=\"750\" data-lbwps-srcsmall=\"https:\/\/chateauhordosse.com\/wp-content\/uploads\/2022\/02\/chateau-garden-300x225.jpg\"><img loading=\"lazy\" decoding=\"async\" width=\"1000\" height=\"750\" data-id=\"622\" src=\"https:\/\/chateauhordosse.com\/wp-content\/uploads\/2022\/02\/chateau-garden.jpg\" alt=\"\" class=\"wp-image-622\" srcset=\"https:\/\/chateauhordosse.com\/wp-content\/uploads\/2022\/02\/chateau-garden.jpg 1000w, https:\/\/chateauhordosse.com\/wp-content\/uploads\/2022\/02\/chateau-garden-300x225.jpg 300w, https:\/\/chateauhordosse.com\/wp-content\/uploads\/2022\/02\/chateau-garden-768x576.jpg 768w\" sizes=\"auto, (max-width: 1000px) 100vw, 1000px\" \/><\/a><\/figure>\n\n\n\n<figure class=\"wp-block-image size-large\"><a href=\"https:\/\/chateauhordosse.com\/wp-content\/uploads\/2022\/02\/chateau-grounds.jpg\" data-lbwps-width=\"750\" data-lbwps-height=\"1000\" data-lbwps-srcsmall=\"https:\/\/chateauhordosse.com\/wp-content\/uploads\/2022\/02\/chateau-grounds-225x300.jpg\"><img loading=\"lazy\" decoding=\"async\" width=\"750\" height=\"1000\" data-id=\"628\" src=\"https:\/\/chateauhordosse.com\/wp-content\/uploads\/2022\/02\/chateau-grounds.jpg\" alt=\"\" class=\"wp-image-628\" srcset=\"https:\/\/chateauhordosse.com\/wp-content\/uploads\/2022\/02\/chateau-grounds.jpg 750w, https:\/\/chateauhordosse.com\/wp-content\/uploads\/2022\/02\/chateau-grounds-225x300.jpg 225w\" sizes=\"auto, (max-width: 750px) 100vw, 750px\" \/><\/a><\/figure>\n\n\n\n<figure class=\"wp-block-image size-large\"><a href=\"https:\/\/chateauhordosse.com\/wp-content\/uploads\/2022\/02\/chateau-grounds-swimming-pool.jpg\" data-lbwps-width=\"750\" data-lbwps-height=\"1000\" data-lbwps-srcsmall=\"https:\/\/chateauhordosse.com\/wp-content\/uploads\/2022\/02\/chateau-grounds-swimming-pool-225x300.jpg\"><img loading=\"lazy\" decoding=\"async\" width=\"750\" height=\"1000\" data-id=\"620\" src=\"https:\/\/chateauhordosse.com\/wp-content\/uploads\/2022\/02\/chateau-grounds-swimming-pool.jpg\" alt=\"\" class=\"wp-image-620\" srcset=\"https:\/\/chateauhordosse.com\/wp-content\/uploads\/2022\/02\/chateau-grounds-swimming-pool.jpg 750w, https:\/\/chateauhordosse.com\/wp-content\/uploads\/2022\/02\/chateau-grounds-swimming-pool-225x300.jpg 225w\" sizes=\"auto, (max-width: 750px) 100vw, 750px\" \/><\/a><\/figure>\n\n\n\n<figure class=\"wp-block-image size-large\"><a href=\"https:\/\/chateauhordosse.com\/wp-content\/uploads\/2022\/02\/chateau-swimming-pool.jpg\" data-lbwps-width=\"750\" data-lbwps-height=\"1000\" data-lbwps-srcsmall=\"https:\/\/chateauhordosse.com\/wp-content\/uploads\/2022\/02\/chateau-swimming-pool-225x300.jpg\"><img loading=\"lazy\" decoding=\"async\" width=\"750\" height=\"1000\" data-id=\"624\" src=\"https:\/\/chateauhordosse.com\/wp-content\/uploads\/2022\/02\/chateau-swimming-pool.jpg\" alt=\"\" class=\"wp-image-624\" srcset=\"https:\/\/chateauhordosse.com\/wp-content\/uploads\/2022\/02\/chateau-swimming-pool.jpg 750w, https:\/\/chateauhordosse.com\/wp-content\/uploads\/2022\/02\/chateau-swimming-pool-225x300.jpg 225w\" sizes=\"auto, (max-width: 750px) 100vw, 750px\" \/><\/a><\/figure>\n\n\n\n<figure class=\"wp-block-image size-large\"><a href=\"https:\/\/chateauhordosse.com\/wp-content\/uploads\/2022\/02\/flowers.jpg\" data-lbwps-width=\"750\" data-lbwps-height=\"1000\" data-lbwps-srcsmall=\"https:\/\/chateauhordosse.com\/wp-content\/uploads\/2022\/02\/flowers-225x300.jpg\"><img loading=\"lazy\" decoding=\"async\" width=\"750\" height=\"1000\" data-id=\"630\" src=\"https:\/\/chateauhordosse.com\/wp-content\/uploads\/2022\/02\/flowers.jpg\" alt=\"\" class=\"wp-image-630\" srcset=\"https:\/\/chateauhordosse.com\/wp-content\/uploads\/2022\/02\/flowers.jpg 750w, https:\/\/chateauhordosse.com\/wp-content\/uploads\/2022\/02\/flowers-225x300.jpg 225w\" sizes=\"auto, (max-width: 750px) 100vw, 750px\" \/><\/a><\/figure>\n\n\n\n<figure class=\"wp-block-image size-large\"><a href=\"https:\/\/chateauhordosse.com\/wp-content\/uploads\/2022\/02\/relaxing.jpg\" data-lbwps-width=\"750\" data-lbwps-height=\"1000\" data-lbwps-srcsmall=\"https:\/\/chateauhordosse.com\/wp-content\/uploads\/2022\/02\/relaxing-225x300.jpg\"><img loading=\"lazy\" decoding=\"async\" width=\"750\" height=\"1000\" data-id=\"626\" src=\"https:\/\/chateauhordosse.com\/wp-content\/uploads\/2022\/02\/relaxing.jpg\" alt=\"\" class=\"wp-image-626\" srcset=\"https:\/\/chateauhordosse.com\/wp-content\/uploads\/2022\/02\/relaxing.jpg 750w, https:\/\/chateauhordosse.com\/wp-content\/uploads\/2022\/02\/relaxing-225x300.jpg 225w\" sizes=\"auto, (max-width: 750px) 100vw, 750px\" \/><\/a><\/figure>\n<\/figure>\n<\/div>\n<\/div><\/div>\n","protected":false},"excerpt":{"rendered":"","protected":false},"author":1,"featured_media":535,"parent":0,"menu_order":0,"comment_status":"closed","ping_status":"closed","template":"","meta":{"neve_meta_sidebar":"full-width","neve_meta_container":"","neve_meta_enable_content_width":"on","neve_meta_content_width":100,"neve_meta_title_alignment":"","neve_meta_author_avatar":"","neve_post_elements_order":"","neve_meta_disable_header":"","neve_meta_disable_footer":"","neve_meta_disable_title":"","_themeisle_gutenberg_block_has_review":false,"footnotes":""},"class_list":["post-556","page","type-page","status-publish","has-post-thumbnail","hentry"],"yoast_head":"<!-- This site is optimized with the Yoast SEO plugin v27.3 - https:\/\/yoast.com\/product\/yoast-seo-wordpress\/ -->\n<title>Les installations du ch\u00e2teau et les activit\u00e9s locales - Ch\u00e2teau Hordosse<\/title>\n<meta name=\"description\" content=\"La piscine du ch\u00e2teau Hordosse dispose d&#039;une pataugeoire pour les enfants. A proximit\u00e9 on vous propose le cano\u00eb, la randonn\u00e9e \u00e0 poney, le golf et la p\u00eache.\" \/>\n<meta name=\"robots\" content=\"index, follow, max-snippet:-1, max-image-preview:large, max-video-preview:-1\" \/>\n<link rel=\"canonical\" href=\"https:\/\/chateauhordosse.com\/fr\/installations\/\" \/>\n<meta property=\"og:locale\" content=\"fr_FR\" \/>\n<meta property=\"og:type\" content=\"article\" \/>\n<meta property=\"og:title\" content=\"Les installations du ch\u00e2teau et les activit\u00e9s locales - Ch\u00e2teau Hordosse\" \/>\n<meta property=\"og:description\" content=\"La piscine du ch\u00e2teau Hordosse dispose d&#039;une pataugeoire pour les enfants. A proximit\u00e9 on vous propose le cano\u00eb, la randonn\u00e9e \u00e0 poney, le golf et la p\u00eache.\" \/>\n<meta property=\"og:url\" content=\"https:\/\/chateauhordosse.com\/fr\/installations\/\" \/>\n<meta property=\"og:site_name\" content=\"Ch\u00e2teau Hordosse\" \/>\n<meta property=\"article:modified_time\" content=\"2022-03-08T10:41:45+00:00\" \/>\n<meta property=\"og:image\" content=\"https:\/\/chateauhordosse.com\/wp-content\/uploads\/2020\/03\/chateau-facilities.jpg\" \/>\n\t<meta property=\"og:image:width\" content=\"1600\" \/>\n\t<meta property=\"og:image:height\" content=\"1200\" \/>\n\t<meta property=\"og:image:type\" content=\"image\/jpeg\" \/>\n<meta name=\"twitter:card\" content=\"summary_large_image\" \/>\n<script type=\"application\/ld+json\" class=\"yoast-schema-graph\">{\"@context\":\"https:\\\/\\\/schema.org\",\"@graph\":[{\"@type\":\"WebPage\",\"@id\":\"https:\\\/\\\/chateauhordosse.com\\\/fr\\\/installations\\\/\",\"url\":\"https:\\\/\\\/chateauhordosse.com\\\/fr\\\/installations\\\/\",\"name\":\"Les installations du ch\u00e2teau et les activit\u00e9s locales - Ch\u00e2teau Hordosse\",\"isPartOf\":{\"@id\":\"https:\\\/\\\/chateauhordosse.com\\\/#website\"},\"primaryImageOfPage\":{\"@id\":\"https:\\\/\\\/chateauhordosse.com\\\/fr\\\/installations\\\/#primaryimage\"},\"image\":{\"@id\":\"https:\\\/\\\/chateauhordosse.com\\\/fr\\\/installations\\\/#primaryimage\"},\"thumbnailUrl\":\"https:\\\/\\\/chateauhordosse.com\\\/wp-content\\\/uploads\\\/2020\\\/03\\\/chateau-facilities.jpg\",\"datePublished\":\"2020-02-17T11:33:39+00:00\",\"dateModified\":\"2022-03-08T10:41:45+00:00\",\"description\":\"La piscine du ch\u00e2teau Hordosse dispose d'une pataugeoire pour les enfants. A proximit\u00e9 on vous propose le cano\u00eb, la randonn\u00e9e \u00e0 poney, le golf et la p\u00eache.\",\"breadcrumb\":{\"@id\":\"https:\\\/\\\/chateauhordosse.com\\\/fr\\\/installations\\\/#breadcrumb\"},\"inLanguage\":\"fr-FR\",\"potentialAction\":[{\"@type\":\"ReadAction\",\"target\":[\"https:\\\/\\\/chateauhordosse.com\\\/fr\\\/installations\\\/\"]}]},{\"@type\":\"ImageObject\",\"inLanguage\":\"fr-FR\",\"@id\":\"https:\\\/\\\/chateauhordosse.com\\\/fr\\\/installations\\\/#primaryimage\",\"url\":\"https:\\\/\\\/chateauhordosse.com\\\/wp-content\\\/uploads\\\/2020\\\/03\\\/chateau-facilities.jpg\",\"contentUrl\":\"https:\\\/\\\/chateauhordosse.com\\\/wp-content\\\/uploads\\\/2020\\\/03\\\/chateau-facilities.jpg\",\"width\":1600,\"height\":1200},{\"@type\":\"BreadcrumbList\",\"@id\":\"https:\\\/\\\/chateauhordosse.com\\\/fr\\\/installations\\\/#breadcrumb\",\"itemListElement\":[{\"@type\":\"ListItem\",\"position\":1,\"name\":\"Home\",\"item\":\"https:\\\/\\\/chateauhordosse.com\\\/fr\\\/\"},{\"@type\":\"ListItem\",\"position\":2,\"name\":\"Les Installations\"}]},{\"@type\":\"WebSite\",\"@id\":\"https:\\\/\\\/chateauhordosse.com\\\/#website\",\"url\":\"https:\\\/\\\/chateauhordosse.com\\\/\",\"name\":\"Ch\u00e2teau Hordosse\",\"description\":\"Chateau holiday accommodation in Lot-et-Garonne, France\",\"publisher\":{\"@id\":\"https:\\\/\\\/chateauhordosse.com\\\/#organization\"},\"potentialAction\":[{\"@type\":\"SearchAction\",\"target\":{\"@type\":\"EntryPoint\",\"urlTemplate\":\"https:\\\/\\\/chateauhordosse.com\\\/?s={search_term_string}\"},\"query-input\":{\"@type\":\"PropertyValueSpecification\",\"valueRequired\":true,\"valueName\":\"search_term_string\"}}],\"inLanguage\":\"fr-FR\"},{\"@type\":\"Organization\",\"@id\":\"https:\\\/\\\/chateauhordosse.com\\\/#organization\",\"name\":\"Ch\u00e2teau Hordosse\",\"url\":\"https:\\\/\\\/chateauhordosse.com\\\/\",\"logo\":{\"@type\":\"ImageObject\",\"inLanguage\":\"fr-FR\",\"@id\":\"https:\\\/\\\/chateauhordosse.com\\\/#\\\/schema\\\/logo\\\/image\\\/\",\"url\":\"https:\\\/\\\/chateauhordosse.com\\\/wp-content\\\/uploads\\\/2020\\\/02\\\/chateau-hordosse-holiday-accommodation-logo.png\",\"contentUrl\":\"https:\\\/\\\/chateauhordosse.com\\\/wp-content\\\/uploads\\\/2020\\\/02\\\/chateau-hordosse-holiday-accommodation-logo.png\",\"width\":1400,\"height\":479,\"caption\":\"Ch\u00e2teau Hordosse\"},\"image\":{\"@id\":\"https:\\\/\\\/chateauhordosse.com\\\/#\\\/schema\\\/logo\\\/image\\\/\"}}]}<\/script>\n<!-- \/ Yoast SEO plugin. -->","yoast_head_json":{"title":"Les installations du ch\u00e2teau et les activit\u00e9s locales - Ch\u00e2teau Hordosse","description":"La piscine du ch\u00e2teau Hordosse dispose d'une pataugeoire pour les enfants. A proximit\u00e9 on vous propose le cano\u00eb, la randonn\u00e9e \u00e0 poney, le golf et la p\u00eache.","robots":{"index":"index","follow":"follow","max-snippet":"max-snippet:-1","max-image-preview":"max-image-preview:large","max-video-preview":"max-video-preview:-1"},"canonical":"https:\/\/chateauhordosse.com\/fr\/installations\/","og_locale":"fr_FR","og_type":"article","og_title":"Les installations du ch\u00e2teau et les activit\u00e9s locales - Ch\u00e2teau Hordosse","og_description":"La piscine du ch\u00e2teau Hordosse dispose d'une pataugeoire pour les enfants. A proximit\u00e9 on vous propose le cano\u00eb, la randonn\u00e9e \u00e0 poney, le golf et la p\u00eache.","og_url":"https:\/\/chateauhordosse.com\/fr\/installations\/","og_site_name":"Ch\u00e2teau Hordosse","article_modified_time":"2022-03-08T10:41:45+00:00","og_image":[{"width":1600,"height":1200,"url":"https:\/\/chateauhordosse.com\/wp-content\/uploads\/2020\/03\/chateau-facilities.jpg","type":"image\/jpeg"}],"twitter_card":"summary_large_image","schema":{"@context":"https:\/\/schema.org","@graph":[{"@type":"WebPage","@id":"https:\/\/chateauhordosse.com\/fr\/installations\/","url":"https:\/\/chateauhordosse.com\/fr\/installations\/","name":"Les installations du ch\u00e2teau et les activit\u00e9s locales - Ch\u00e2teau Hordosse","isPartOf":{"@id":"https:\/\/chateauhordosse.com\/#website"},"primaryImageOfPage":{"@id":"https:\/\/chateauhordosse.com\/fr\/installations\/#primaryimage"},"image":{"@id":"https:\/\/chateauhordosse.com\/fr\/installations\/#primaryimage"},"thumbnailUrl":"https:\/\/chateauhordosse.com\/wp-content\/uploads\/2020\/03\/chateau-facilities.jpg","datePublished":"2020-02-17T11:33:39+00:00","dateModified":"2022-03-08T10:41:45+00:00","description":"La piscine du ch\u00e2teau Hordosse dispose d'une pataugeoire pour les enfants. A proximit\u00e9 on vous propose le cano\u00eb, la randonn\u00e9e \u00e0 poney, le golf et la p\u00eache.","breadcrumb":{"@id":"https:\/\/chateauhordosse.com\/fr\/installations\/#breadcrumb"},"inLanguage":"fr-FR","potentialAction":[{"@type":"ReadAction","target":["https:\/\/chateauhordosse.com\/fr\/installations\/"]}]},{"@type":"ImageObject","inLanguage":"fr-FR","@id":"https:\/\/chateauhordosse.com\/fr\/installations\/#primaryimage","url":"https:\/\/chateauhordosse.com\/wp-content\/uploads\/2020\/03\/chateau-facilities.jpg","contentUrl":"https:\/\/chateauhordosse.com\/wp-content\/uploads\/2020\/03\/chateau-facilities.jpg","width":1600,"height":1200},{"@type":"BreadcrumbList","@id":"https:\/\/chateauhordosse.com\/fr\/installations\/#breadcrumb","itemListElement":[{"@type":"ListItem","position":1,"name":"Home","item":"https:\/\/chateauhordosse.com\/fr\/"},{"@type":"ListItem","position":2,"name":"Les Installations"}]},{"@type":"WebSite","@id":"https:\/\/chateauhordosse.com\/#website","url":"https:\/\/chateauhordosse.com\/","name":"Ch\u00e2teau Hordosse","description":"Chateau holiday accommodation in Lot-et-Garonne, France","publisher":{"@id":"https:\/\/chateauhordosse.com\/#organization"},"potentialAction":[{"@type":"SearchAction","target":{"@type":"EntryPoint","urlTemplate":"https:\/\/chateauhordosse.com\/?s={search_term_string}"},"query-input":{"@type":"PropertyValueSpecification","valueRequired":true,"valueName":"search_term_string"}}],"inLanguage":"fr-FR"},{"@type":"Organization","@id":"https:\/\/chateauhordosse.com\/#organization","name":"Ch\u00e2teau Hordosse","url":"https:\/\/chateauhordosse.com\/","logo":{"@type":"ImageObject","inLanguage":"fr-FR","@id":"https:\/\/chateauhordosse.com\/#\/schema\/logo\/image\/","url":"https:\/\/chateauhordosse.com\/wp-content\/uploads\/2020\/02\/chateau-hordosse-holiday-accommodation-logo.png","contentUrl":"https:\/\/chateauhordosse.com\/wp-content\/uploads\/2020\/02\/chateau-hordosse-holiday-accommodation-logo.png","width":1400,"height":479,"caption":"Ch\u00e2teau Hordosse"},"image":{"@id":"https:\/\/chateauhordosse.com\/#\/schema\/logo\/image\/"}}]}},"_links":{"self":[{"href":"https:\/\/chateauhordosse.com\/fr\/wp-json\/wp\/v2\/pages\/556","targetHints":{"allow":["GET"]}}],"collection":[{"href":"https:\/\/chateauhordosse.com\/fr\/wp-json\/wp\/v2\/pages"}],"about":[{"href":"https:\/\/chateauhordosse.com\/fr\/wp-json\/wp\/v2\/types\/page"}],"author":[{"embeddable":true,"href":"https:\/\/chateauhordosse.com\/fr\/wp-json\/wp\/v2\/users\/1"}],"replies":[{"embeddable":true,"href":"https:\/\/chateauhordosse.com\/fr\/wp-json\/wp\/v2\/comments?post=556"}],"version-history":[{"count":12,"href":"https:\/\/chateauhordosse.com\/fr\/wp-json\/wp\/v2\/pages\/556\/revisions"}],"predecessor-version":[{"id":750,"href":"https:\/\/chateauhordosse.com\/fr\/wp-json\/wp\/v2\/pages\/556\/revisions\/750"}],"wp:featuredmedia":[{"embeddable":true,"href":"https:\/\/chateauhordosse.com\/fr\/wp-json\/wp\/v2\/media\/535"}],"wp:attachment":[{"href":"https:\/\/chateauhordosse.com\/fr\/wp-json\/wp\/v2\/media?parent=556"}],"curies":[{"name":"wp","href":"https:\/\/api.w.org\/{rel}","templated":true}]}}