{"id":558,"date":"2020-02-18T09:40:07","date_gmt":"2020-02-18T09:40:07","guid":{"rendered":"https:\/\/chateauhordosse.com\/?page_id=558"},"modified":"2022-03-07T17:04:36","modified_gmt":"2022-03-07T17:04:36","slug":"livre-dor","status":"publish","type":"page","link":"https:\/\/chateauhordosse.com\/fr\/livre-dor\/","title":{"rendered":"Livre D&rsquo;Or"},"content":{"rendered":"\n<div class=\"wp-block-columns non-flex is-layout-flex wp-container-core-columns-is-layout-9d6595d7 wp-block-columns-is-layout-flex\">\n<div class=\"wp-block-column reviews is-layout-flow wp-block-column-is-layout-flow\">\n<div class=\"wp-block-themeisle-blocks-advanced-columns has-1-columns has-desktop-equal-layout has-tablet-equal-layout has-mobile-equal-layout has-default-gap has-vertical-unset\" id=\"wp-block-themeisle-blocks-advanced-columns-8c6e9edd\"><div class=\"wp-block-themeisle-blocks-advanced-columns-overlay\"><\/div><div class=\"innerblocks-wrap\">\n<div class=\"wp-block-themeisle-blocks-advanced-column home-review\" id=\"wp-block-themeisle-blocks-advanced-column-f049650f\">\n<p>Quel endroit reposant. Le g\u00eete \u00e9tait tr\u00e8s confortable et bien \u00e9quip\u00e9.<\/p>\n\n\n\n<h4 class=\"wp-block-heading\">Jim, Susan et famille. Royaume-Uni<\/h4>\n<\/div>\n<\/div><\/div>\n\n\n\n<div class=\"wp-block-themeisle-blocks-advanced-columns has-1-columns has-desktop-equal-layout has-tablet-equal-layout has-mobile-equal-layout has-default-gap has-vertical-unset\" id=\"wp-block-themeisle-blocks-advanced-columns-bd37fe04\"><div class=\"wp-block-themeisle-blocks-advanced-columns-overlay\"><\/div><div class=\"innerblocks-wrap\">\n<div class=\"wp-block-themeisle-blocks-advanced-column home-review\" id=\"wp-block-themeisle-blocks-advanced-column-9c75f863\">\n<p>Quel g\u00eete fantastique &#8211; si bon en fait que nous ne voulons pas partir ! <\/p>\n\n\n\n<h4 class=\"wp-block-heading\">Emma, Gerry, Ryan et Shawnee. Royaume-Uni<\/h4>\n<\/div>\n<\/div><\/div>\n\n\n\n<div class=\"wp-block-themeisle-blocks-advanced-columns has-1-columns has-desktop-equal-layout has-tablet-equal-layout has-mobile-equal-layout has-default-gap has-vertical-unset\" id=\"wp-block-themeisle-blocks-advanced-columns-9977fa3c\"><div class=\"wp-block-themeisle-blocks-advanced-columns-overlay\"><\/div><div class=\"innerblocks-wrap\">\n<div class=\"wp-block-themeisle-blocks-advanced-column home-review\" id=\"wp-block-themeisle-blocks-advanced-column-be9f60c2\">\n<p>S\u00e9jour tr\u00e8s tr\u00e8s agr\u00e9able merci pour votre accueil formidable et votre gentillesse. <\/p>\n\n\n\n<h4 class=\"wp-block-heading\">La famille Arnaud. France<\/h4>\n<\/div>\n<\/div><\/div>\n\n\n\n<div class=\"wp-block-themeisle-blocks-advanced-columns has-1-columns has-desktop-equal-layout has-tablet-equal-layout has-mobile-equal-layout has-default-gap has-vertical-unset\" id=\"wp-block-themeisle-blocks-advanced-columns-e1e3ba67\"><div class=\"wp-block-themeisle-blocks-advanced-columns-overlay\"><\/div><div class=\"innerblocks-wrap\">\n<div class=\"wp-block-themeisle-blocks-advanced-column home-review\" id=\"wp-block-themeisle-blocks-advanced-column-b6f146ab\">\n<p>Encore une semaine fabuleuse, merci.<\/p>\n\n\n\n<h4 class=\"wp-block-heading\">Rebecca, Wilfredo et les gar\u00e7ons. Royaume-Uni<\/h4>\n<\/div>\n<\/div><\/div>\n\n\n\n<div class=\"wp-block-themeisle-blocks-advanced-columns has-1-columns has-desktop-equal-layout has-tablet-equal-layout has-mobile-equal-layout has-default-gap has-vertical-unset\" id=\"wp-block-themeisle-blocks-advanced-columns-9578e9bb\"><div class=\"wp-block-themeisle-blocks-advanced-columns-overlay\"><\/div><div class=\"innerblocks-wrap\">\n<div class=\"wp-block-themeisle-blocks-advanced-column home-review\" id=\"wp-block-themeisle-blocks-advanced-column-e4b7e519\">\n<p>Merci encore une fois pour votre hospitalit\u00e9. Des vacances merveilleuses, du beau temps, de la bonne nourriture\u2026 nous reviendrons !<\/p>\n\n\n\n<h4 class=\"wp-block-heading\">Olga, Peter et amis. Belgique<\/h4>\n<\/div>\n<\/div><\/div>\n\n\n\n<div class=\"wp-block-themeisle-blocks-advanced-columns has-1-columns has-desktop-equal-layout has-tablet-equal-layout has-mobile-equal-layout has-default-gap has-vertical-unset\" id=\"wp-block-themeisle-blocks-advanced-columns-25d7b812\"><div class=\"wp-block-themeisle-blocks-advanced-columns-overlay\"><\/div><div class=\"innerblocks-wrap\">\n<div class=\"wp-block-themeisle-blocks-advanced-column home-review\" id=\"wp-block-themeisle-blocks-advanced-column-73bd91fa\">\n<p>Notre groupe d&rsquo;invit\u00e9s finlandais, australiens et allemands a pass\u00e9 un moment tr\u00e8s agr\u00e9able au ch\u00e2teau Hordosse.<\/p>\n\n\n\n<h4 class=\"wp-block-heading\">Les potes, Europe<\/h4>\n<\/div>\n<\/div><\/div>\n\n\n\n<div class=\"wp-block-themeisle-blocks-advanced-columns has-1-columns has-desktop-equal-layout has-tablet-equal-layout has-mobile-equal-layout has-default-gap has-vertical-unset\" id=\"wp-block-themeisle-blocks-advanced-columns-22d1106d\"><div class=\"wp-block-themeisle-blocks-advanced-columns-overlay\"><\/div><div class=\"innerblocks-wrap\">\n<div class=\"wp-block-themeisle-blocks-advanced-column home-review\" id=\"wp-block-themeisle-blocks-advanced-column-bfccbe63\">\n<p>Encore de belles vacances pass\u00e9es ici pour nous : le bonheur paisible !<\/p>\n\n\n\n<h4 class=\"wp-block-heading\">Jayne, Andy et les gar\u00e7ons. Royaume-Uni<\/h4>\n<\/div>\n<\/div><\/div>\n\n\n\n<div class=\"wp-block-themeisle-blocks-advanced-columns has-1-columns has-desktop-equal-layout has-tablet-equal-layout has-mobile-equal-layout has-default-gap has-vertical-unset\" id=\"wp-block-themeisle-blocks-advanced-columns-47d6244a\"><div class=\"wp-block-themeisle-blocks-advanced-columns-overlay\"><\/div><div class=\"innerblocks-wrap\">\n<div class=\"wp-block-themeisle-blocks-advanced-column home-review\" id=\"wp-block-themeisle-blocks-advanced-column-615fc744\">\n<p>C&rsquo;\u00e9tait vraiment un second chez soi &#8211; nous n&rsquo;aurions pas pu trouver mieux !<\/p>\n\n\n\n<h4 class=\"wp-block-heading\">Brian, Collette et famille. Royaume-Uni<\/h4>\n<\/div>\n<\/div><\/div>\n<\/div>\n<\/div>\n\n\n\n<p><\/p>\n","protected":false},"excerpt":{"rendered":"","protected":false},"author":1,"featured_media":0,"parent":0,"menu_order":0,"comment_status":"closed","ping_status":"closed","template":"","meta":{"neve_meta_sidebar":"full-width","neve_meta_container":"","neve_meta_enable_content_width":"on","neve_meta_content_width":100,"neve_meta_title_alignment":"","neve_meta_author_avatar":"","neve_post_elements_order":"","neve_meta_disable_header":"","neve_meta_disable_footer":"","neve_meta_disable_title":"","_themeisle_gutenberg_block_has_review":false,"footnotes":""},"class_list":["post-558","page","type-page","status-publish","hentry"],"yoast_head":"<!-- This site is optimized with the Yoast SEO plugin v27.3 - https:\/\/yoast.com\/product\/yoast-seo-wordpress\/ -->\n<title>Livre D&#039;Or - Ch\u00e2teau Hordosse<\/title>\n<meta name=\"description\" content=\"Quelques commentaires des clients du ch\u00e2teau Hordosse, logement de vacances de luxe dans le Lot-et-Garonne.\" \/>\n<meta name=\"robots\" content=\"index, follow, max-snippet:-1, max-image-preview:large, max-video-preview:-1\" \/>\n<link rel=\"canonical\" href=\"https:\/\/chateauhordosse.com\/fr\/livre-dor\/\" \/>\n<meta property=\"og:locale\" content=\"fr_FR\" \/>\n<meta property=\"og:type\" content=\"article\" \/>\n<meta property=\"og:title\" content=\"Livre D&#039;Or - Ch\u00e2teau Hordosse\" \/>\n<meta property=\"og:description\" content=\"Quelques commentaires des clients du ch\u00e2teau Hordosse, logement de vacances de luxe dans le Lot-et-Garonne.\" \/>\n<meta property=\"og:url\" content=\"https:\/\/chateauhordosse.com\/fr\/livre-dor\/\" \/>\n<meta property=\"og:site_name\" content=\"Ch\u00e2teau Hordosse\" \/>\n<meta property=\"article:modified_time\" content=\"2022-03-07T17:04:36+00:00\" \/>\n<meta name=\"twitter:card\" content=\"summary_large_image\" \/>\n<script type=\"application\/ld+json\" class=\"yoast-schema-graph\">{\"@context\":\"https:\\\/\\\/schema.org\",\"@graph\":[{\"@type\":\"WebPage\",\"@id\":\"https:\\\/\\\/chateauhordosse.com\\\/fr\\\/livre-dor\\\/\",\"url\":\"https:\\\/\\\/chateauhordosse.com\\\/fr\\\/livre-dor\\\/\",\"name\":\"Livre D'Or - Ch\u00e2teau Hordosse\",\"isPartOf\":{\"@id\":\"https:\\\/\\\/chateauhordosse.com\\\/#website\"},\"datePublished\":\"2020-02-18T09:40:07+00:00\",\"dateModified\":\"2022-03-07T17:04:36+00:00\",\"description\":\"Quelques commentaires des clients du ch\u00e2teau Hordosse, logement de vacances de luxe dans le Lot-et-Garonne.\",\"breadcrumb\":{\"@id\":\"https:\\\/\\\/chateauhordosse.com\\\/fr\\\/livre-dor\\\/#breadcrumb\"},\"inLanguage\":\"fr-FR\",\"potentialAction\":[{\"@type\":\"ReadAction\",\"target\":[\"https:\\\/\\\/chateauhordosse.com\\\/fr\\\/livre-dor\\\/\"]}]},{\"@type\":\"BreadcrumbList\",\"@id\":\"https:\\\/\\\/chateauhordosse.com\\\/fr\\\/livre-dor\\\/#breadcrumb\",\"itemListElement\":[{\"@type\":\"ListItem\",\"position\":1,\"name\":\"Home\",\"item\":\"https:\\\/\\\/chateauhordosse.com\\\/fr\\\/\"},{\"@type\":\"ListItem\",\"position\":2,\"name\":\"Livre D&#8217;Or\"}]},{\"@type\":\"WebSite\",\"@id\":\"https:\\\/\\\/chateauhordosse.com\\\/#website\",\"url\":\"https:\\\/\\\/chateauhordosse.com\\\/\",\"name\":\"Ch\u00e2teau Hordosse\",\"description\":\"Chateau holiday accommodation in Lot-et-Garonne, France\",\"publisher\":{\"@id\":\"https:\\\/\\\/chateauhordosse.com\\\/#organization\"},\"potentialAction\":[{\"@type\":\"SearchAction\",\"target\":{\"@type\":\"EntryPoint\",\"urlTemplate\":\"https:\\\/\\\/chateauhordosse.com\\\/?s={search_term_string}\"},\"query-input\":{\"@type\":\"PropertyValueSpecification\",\"valueRequired\":true,\"valueName\":\"search_term_string\"}}],\"inLanguage\":\"fr-FR\"},{\"@type\":\"Organization\",\"@id\":\"https:\\\/\\\/chateauhordosse.com\\\/#organization\",\"name\":\"Ch\u00e2teau Hordosse\",\"url\":\"https:\\\/\\\/chateauhordosse.com\\\/\",\"logo\":{\"@type\":\"ImageObject\",\"inLanguage\":\"fr-FR\",\"@id\":\"https:\\\/\\\/chateauhordosse.com\\\/#\\\/schema\\\/logo\\\/image\\\/\",\"url\":\"https:\\\/\\\/chateauhordosse.com\\\/wp-content\\\/uploads\\\/2020\\\/02\\\/chateau-hordosse-holiday-accommodation-logo.png\",\"contentUrl\":\"https:\\\/\\\/chateauhordosse.com\\\/wp-content\\\/uploads\\\/2020\\\/02\\\/chateau-hordosse-holiday-accommodation-logo.png\",\"width\":1400,\"height\":479,\"caption\":\"Ch\u00e2teau Hordosse\"},\"image\":{\"@id\":\"https:\\\/\\\/chateauhordosse.com\\\/#\\\/schema\\\/logo\\\/image\\\/\"}}]}<\/script>\n<!-- \/ Yoast SEO plugin. -->","yoast_head_json":{"title":"Livre D'Or - Ch\u00e2teau Hordosse","description":"Quelques commentaires des clients du ch\u00e2teau Hordosse, logement de vacances de luxe dans le Lot-et-Garonne.","robots":{"index":"index","follow":"follow","max-snippet":"max-snippet:-1","max-image-preview":"max-image-preview:large","max-video-preview":"max-video-preview:-1"},"canonical":"https:\/\/chateauhordosse.com\/fr\/livre-dor\/","og_locale":"fr_FR","og_type":"article","og_title":"Livre D'Or - Ch\u00e2teau Hordosse","og_description":"Quelques commentaires des clients du ch\u00e2teau Hordosse, logement de vacances de luxe dans le Lot-et-Garonne.","og_url":"https:\/\/chateauhordosse.com\/fr\/livre-dor\/","og_site_name":"Ch\u00e2teau Hordosse","article_modified_time":"2022-03-07T17:04:36+00:00","twitter_card":"summary_large_image","schema":{"@context":"https:\/\/schema.org","@graph":[{"@type":"WebPage","@id":"https:\/\/chateauhordosse.com\/fr\/livre-dor\/","url":"https:\/\/chateauhordosse.com\/fr\/livre-dor\/","name":"Livre D'Or - Ch\u00e2teau Hordosse","isPartOf":{"@id":"https:\/\/chateauhordosse.com\/#website"},"datePublished":"2020-02-18T09:40:07+00:00","dateModified":"2022-03-07T17:04:36+00:00","description":"Quelques commentaires des clients du ch\u00e2teau Hordosse, logement de vacances de luxe dans le Lot-et-Garonne.","breadcrumb":{"@id":"https:\/\/chateauhordosse.com\/fr\/livre-dor\/#breadcrumb"},"inLanguage":"fr-FR","potentialAction":[{"@type":"ReadAction","target":["https:\/\/chateauhordosse.com\/fr\/livre-dor\/"]}]},{"@type":"BreadcrumbList","@id":"https:\/\/chateauhordosse.com\/fr\/livre-dor\/#breadcrumb","itemListElement":[{"@type":"ListItem","position":1,"name":"Home","item":"https:\/\/chateauhordosse.com\/fr\/"},{"@type":"ListItem","position":2,"name":"Livre D&#8217;Or"}]},{"@type":"WebSite","@id":"https:\/\/chateauhordosse.com\/#website","url":"https:\/\/chateauhordosse.com\/","name":"Ch\u00e2teau Hordosse","description":"Chateau holiday accommodation in Lot-et-Garonne, France","publisher":{"@id":"https:\/\/chateauhordosse.com\/#organization"},"potentialAction":[{"@type":"SearchAction","target":{"@type":"EntryPoint","urlTemplate":"https:\/\/chateauhordosse.com\/?s={search_term_string}"},"query-input":{"@type":"PropertyValueSpecification","valueRequired":true,"valueName":"search_term_string"}}],"inLanguage":"fr-FR"},{"@type":"Organization","@id":"https:\/\/chateauhordosse.com\/#organization","name":"Ch\u00e2teau Hordosse","url":"https:\/\/chateauhordosse.com\/","logo":{"@type":"ImageObject","inLanguage":"fr-FR","@id":"https:\/\/chateauhordosse.com\/#\/schema\/logo\/image\/","url":"https:\/\/chateauhordosse.com\/wp-content\/uploads\/2020\/02\/chateau-hordosse-holiday-accommodation-logo.png","contentUrl":"https:\/\/chateauhordosse.com\/wp-content\/uploads\/2020\/02\/chateau-hordosse-holiday-accommodation-logo.png","width":1400,"height":479,"caption":"Ch\u00e2teau Hordosse"},"image":{"@id":"https:\/\/chateauhordosse.com\/#\/schema\/logo\/image\/"}}]}},"_links":{"self":[{"href":"https:\/\/chateauhordosse.com\/fr\/wp-json\/wp\/v2\/pages\/558","targetHints":{"allow":["GET"]}}],"collection":[{"href":"https:\/\/chateauhordosse.com\/fr\/wp-json\/wp\/v2\/pages"}],"about":[{"href":"https:\/\/chateauhordosse.com\/fr\/wp-json\/wp\/v2\/types\/page"}],"author":[{"embeddable":true,"href":"https:\/\/chateauhordosse.com\/fr\/wp-json\/wp\/v2\/users\/1"}],"replies":[{"embeddable":true,"href":"https:\/\/chateauhordosse.com\/fr\/wp-json\/wp\/v2\/comments?post=558"}],"version-history":[{"count":4,"href":"https:\/\/chateauhordosse.com\/fr\/wp-json\/wp\/v2\/pages\/558\/revisions"}],"predecessor-version":[{"id":713,"href":"https:\/\/chateauhordosse.com\/fr\/wp-json\/wp\/v2\/pages\/558\/revisions\/713"}],"wp:attachment":[{"href":"https:\/\/chateauhordosse.com\/fr\/wp-json\/wp\/v2\/media?parent=558"}],"curies":[{"name":"wp","href":"https:\/\/api.w.org\/{rel}","templated":true}]}}