{"id":561,"date":"2021-11-23T10:39:25","date_gmt":"2021-11-23T10:39:25","guid":{"rendered":"https:\/\/chateauhordosse.com\/legal-information\/"},"modified":"2022-03-07T16:04:47","modified_gmt":"2022-03-07T16:04:47","slug":"informations-legales","status":"publish","type":"page","link":"https:\/\/chateauhordosse.com\/fr\/informations-legales\/","title":{"rendered":"Informations L\u00e9gales"},"content":{"rendered":"\n<div class=\"wp-block-themeisle-blocks-advanced-columns has-1-columns has-desktop-equal-layout has-tablet-equal-layout has-mobile-equal-layout has-default-gap has-vertical-unset non-flex\" id=\"wp-block-themeisle-blocks-advanced-columns-92483be0\"><div class=\"wp-block-themeisle-blocks-advanced-columns-overlay\"><\/div><div class=\"innerblocks-wrap\">\n<div class=\"wp-block-themeisle-blocks-advanced-column legal\" id=\"wp-block-themeisle-blocks-advanced-column-736ac3a1\">\n<p>Les Essobees est une SARL (soci\u00e9t\u00e9 \u00e0 risque limit\u00e9e)<br><\/p>\n\n\n\n<p>Les Essobees est g\u00e9r\u00e9e par CAINE Janet (nom de usage OBRIEN)<br><\/p>\n\n\n\n<p><strong>Si\u00e8ge social :<\/strong><\/p>\n\n\n\n<p>Les Essobees<br>Ch\u00e2teau Hordosse<br>47170 Andiran<br>France<br><br><strong>Capital sociale : <\/strong>2,500 \u20ac<br>Enregistr\u00e9 au Greffe du Commerce Agen<br>6rue LOMET<br>47000 Agen<\/p>\n\n\n\n<p><strong>T\u00e9l<\/strong> : 0623007350<br><strong>E-mail <\/strong>: info@chateauhordosse.com<br><strong>SIRET<\/strong> : 50892341400017<br><br>Ce site internet a \u00e9t\u00e9 r\u00e9alise et est h\u00e9berg\u00e9 par l&rsquo;entreprise Port 80 Services<br>SARL Port 80<br>Mazeroux<br>24470 Milhac-de-Nontron<\/p>\n\n\n\n<p><\/p>\n\n\n\n<p><\/p>\n<\/div>\n<\/div><\/div>\n","protected":false},"excerpt":{"rendered":"","protected":false},"author":1,"featured_media":0,"parent":0,"menu_order":0,"comment_status":"closed","ping_status":"closed","template":"","meta":{"neve_meta_sidebar":"full-width","neve_meta_container":"","neve_meta_enable_content_width":"on","neve_meta_content_width":100,"neve_meta_title_alignment":"","neve_meta_author_avatar":"","neve_post_elements_order":"","neve_meta_disable_header":"","neve_meta_disable_footer":"","neve_meta_disable_title":"","_themeisle_gutenberg_block_has_review":false,"footnotes":""},"class_list":["post-561","page","type-page","status-publish","hentry"],"yoast_head":"<!-- This site is optimized with the Yoast SEO plugin v27.3 - https:\/\/yoast.com\/product\/yoast-seo-wordpress\/ -->\n<title>Informations L\u00e9gales - Ch\u00e2teau Hordosse<\/title>\n<meta name=\"robots\" content=\"index, follow, max-snippet:-1, max-image-preview:large, max-video-preview:-1\" \/>\n<link rel=\"canonical\" href=\"https:\/\/chateauhordosse.com\/fr\/informations-legales\/\" \/>\n<meta property=\"og:locale\" content=\"fr_FR\" \/>\n<meta property=\"og:type\" content=\"article\" \/>\n<meta property=\"og:title\" content=\"Informations L\u00e9gales - Ch\u00e2teau Hordosse\" \/>\n<meta property=\"og:url\" content=\"https:\/\/chateauhordosse.com\/fr\/informations-legales\/\" \/>\n<meta property=\"og:site_name\" content=\"Ch\u00e2teau Hordosse\" \/>\n<meta property=\"article:modified_time\" content=\"2022-03-07T16:04:47+00:00\" \/>\n<meta name=\"twitter:card\" content=\"summary_large_image\" \/>\n<script type=\"application\/ld+json\" class=\"yoast-schema-graph\">{\"@context\":\"https:\\\/\\\/schema.org\",\"@graph\":[{\"@type\":\"WebPage\",\"@id\":\"https:\\\/\\\/chateauhordosse.com\\\/fr\\\/informations-legales\\\/\",\"url\":\"https:\\\/\\\/chateauhordosse.com\\\/fr\\\/informations-legales\\\/\",\"name\":\"Informations L\u00e9gales - Ch\u00e2teau Hordosse\",\"isPartOf\":{\"@id\":\"https:\\\/\\\/chateauhordosse.com\\\/#website\"},\"datePublished\":\"2021-11-23T10:39:25+00:00\",\"dateModified\":\"2022-03-07T16:04:47+00:00\",\"breadcrumb\":{\"@id\":\"https:\\\/\\\/chateauhordosse.com\\\/fr\\\/informations-legales\\\/#breadcrumb\"},\"inLanguage\":\"fr-FR\",\"potentialAction\":[{\"@type\":\"ReadAction\",\"target\":[\"https:\\\/\\\/chateauhordosse.com\\\/fr\\\/informations-legales\\\/\"]}]},{\"@type\":\"BreadcrumbList\",\"@id\":\"https:\\\/\\\/chateauhordosse.com\\\/fr\\\/informations-legales\\\/#breadcrumb\",\"itemListElement\":[{\"@type\":\"ListItem\",\"position\":1,\"name\":\"Home\",\"item\":\"https:\\\/\\\/chateauhordosse.com\\\/fr\\\/\"},{\"@type\":\"ListItem\",\"position\":2,\"name\":\"Informations L\u00e9gales\"}]},{\"@type\":\"WebSite\",\"@id\":\"https:\\\/\\\/chateauhordosse.com\\\/#website\",\"url\":\"https:\\\/\\\/chateauhordosse.com\\\/\",\"name\":\"Ch\u00e2teau Hordosse\",\"description\":\"Chateau holiday accommodation in Lot-et-Garonne, France\",\"publisher\":{\"@id\":\"https:\\\/\\\/chateauhordosse.com\\\/#organization\"},\"potentialAction\":[{\"@type\":\"SearchAction\",\"target\":{\"@type\":\"EntryPoint\",\"urlTemplate\":\"https:\\\/\\\/chateauhordosse.com\\\/?s={search_term_string}\"},\"query-input\":{\"@type\":\"PropertyValueSpecification\",\"valueRequired\":true,\"valueName\":\"search_term_string\"}}],\"inLanguage\":\"fr-FR\"},{\"@type\":\"Organization\",\"@id\":\"https:\\\/\\\/chateauhordosse.com\\\/#organization\",\"name\":\"Ch\u00e2teau Hordosse\",\"url\":\"https:\\\/\\\/chateauhordosse.com\\\/\",\"logo\":{\"@type\":\"ImageObject\",\"inLanguage\":\"fr-FR\",\"@id\":\"https:\\\/\\\/chateauhordosse.com\\\/#\\\/schema\\\/logo\\\/image\\\/\",\"url\":\"https:\\\/\\\/chateauhordosse.com\\\/wp-content\\\/uploads\\\/2020\\\/02\\\/chateau-hordosse-holiday-accommodation-logo.png\",\"contentUrl\":\"https:\\\/\\\/chateauhordosse.com\\\/wp-content\\\/uploads\\\/2020\\\/02\\\/chateau-hordosse-holiday-accommodation-logo.png\",\"width\":1400,\"height\":479,\"caption\":\"Ch\u00e2teau Hordosse\"},\"image\":{\"@id\":\"https:\\\/\\\/chateauhordosse.com\\\/#\\\/schema\\\/logo\\\/image\\\/\"}}]}<\/script>\n<!-- \/ Yoast SEO plugin. -->","yoast_head_json":{"title":"Informations L\u00e9gales - Ch\u00e2teau Hordosse","robots":{"index":"index","follow":"follow","max-snippet":"max-snippet:-1","max-image-preview":"max-image-preview:large","max-video-preview":"max-video-preview:-1"},"canonical":"https:\/\/chateauhordosse.com\/fr\/informations-legales\/","og_locale":"fr_FR","og_type":"article","og_title":"Informations L\u00e9gales - Ch\u00e2teau Hordosse","og_url":"https:\/\/chateauhordosse.com\/fr\/informations-legales\/","og_site_name":"Ch\u00e2teau Hordosse","article_modified_time":"2022-03-07T16:04:47+00:00","twitter_card":"summary_large_image","schema":{"@context":"https:\/\/schema.org","@graph":[{"@type":"WebPage","@id":"https:\/\/chateauhordosse.com\/fr\/informations-legales\/","url":"https:\/\/chateauhordosse.com\/fr\/informations-legales\/","name":"Informations L\u00e9gales - Ch\u00e2teau Hordosse","isPartOf":{"@id":"https:\/\/chateauhordosse.com\/#website"},"datePublished":"2021-11-23T10:39:25+00:00","dateModified":"2022-03-07T16:04:47+00:00","breadcrumb":{"@id":"https:\/\/chateauhordosse.com\/fr\/informations-legales\/#breadcrumb"},"inLanguage":"fr-FR","potentialAction":[{"@type":"ReadAction","target":["https:\/\/chateauhordosse.com\/fr\/informations-legales\/"]}]},{"@type":"BreadcrumbList","@id":"https:\/\/chateauhordosse.com\/fr\/informations-legales\/#breadcrumb","itemListElement":[{"@type":"ListItem","position":1,"name":"Home","item":"https:\/\/chateauhordosse.com\/fr\/"},{"@type":"ListItem","position":2,"name":"Informations L\u00e9gales"}]},{"@type":"WebSite","@id":"https:\/\/chateauhordosse.com\/#website","url":"https:\/\/chateauhordosse.com\/","name":"Ch\u00e2teau Hordosse","description":"Chateau holiday accommodation in Lot-et-Garonne, France","publisher":{"@id":"https:\/\/chateauhordosse.com\/#organization"},"potentialAction":[{"@type":"SearchAction","target":{"@type":"EntryPoint","urlTemplate":"https:\/\/chateauhordosse.com\/?s={search_term_string}"},"query-input":{"@type":"PropertyValueSpecification","valueRequired":true,"valueName":"search_term_string"}}],"inLanguage":"fr-FR"},{"@type":"Organization","@id":"https:\/\/chateauhordosse.com\/#organization","name":"Ch\u00e2teau Hordosse","url":"https:\/\/chateauhordosse.com\/","logo":{"@type":"ImageObject","inLanguage":"fr-FR","@id":"https:\/\/chateauhordosse.com\/#\/schema\/logo\/image\/","url":"https:\/\/chateauhordosse.com\/wp-content\/uploads\/2020\/02\/chateau-hordosse-holiday-accommodation-logo.png","contentUrl":"https:\/\/chateauhordosse.com\/wp-content\/uploads\/2020\/02\/chateau-hordosse-holiday-accommodation-logo.png","width":1400,"height":479,"caption":"Ch\u00e2teau Hordosse"},"image":{"@id":"https:\/\/chateauhordosse.com\/#\/schema\/logo\/image\/"}}]}},"_links":{"self":[{"href":"https:\/\/chateauhordosse.com\/fr\/wp-json\/wp\/v2\/pages\/561","targetHints":{"allow":["GET"]}}],"collection":[{"href":"https:\/\/chateauhordosse.com\/fr\/wp-json\/wp\/v2\/pages"}],"about":[{"href":"https:\/\/chateauhordosse.com\/fr\/wp-json\/wp\/v2\/types\/page"}],"author":[{"embeddable":true,"href":"https:\/\/chateauhordosse.com\/fr\/wp-json\/wp\/v2\/users\/1"}],"replies":[{"embeddable":true,"href":"https:\/\/chateauhordosse.com\/fr\/wp-json\/wp\/v2\/comments?post=561"}],"version-history":[{"count":4,"href":"https:\/\/chateauhordosse.com\/fr\/wp-json\/wp\/v2\/pages\/561\/revisions"}],"predecessor-version":[{"id":743,"href":"https:\/\/chateauhordosse.com\/fr\/wp-json\/wp\/v2\/pages\/561\/revisions\/743"}],"wp:attachment":[{"href":"https:\/\/chateauhordosse.com\/fr\/wp-json\/wp\/v2\/media?parent=561"}],"curies":[{"name":"wp","href":"https:\/\/api.w.org\/{rel}","templated":true}]}}