{"id":563,"date":"2020-02-17T11:31:39","date_gmt":"2020-02-17T11:31:39","guid":{"rendered":"https:\/\/chateauhordosse.com\/?page_id=563"},"modified":"2022-03-14T14:28:13","modified_gmt":"2022-03-14T14:28:13","slug":"accueil","status":"publish","type":"page","link":"https:\/\/chateauhordosse.com\/fr\/","title":{"rendered":"Chambres d\u2019h\u00f4te dans un ch\u00e2teau de luxe en Lot-et-Garonne"},"content":{"rendered":"\n<div class=\"wp-block-columns has-2-columns is-layout-flex wp-container-core-columns-is-layout-9d6595d7 wp-block-columns-is-layout-flex\">\n<div class=\"wp-block-column intro-text is-layout-flow wp-block-column-is-layout-flow\" style=\"flex-basis:55%\">\n<p>Nich\u00e9 au c\u0153ur de la Gascogne, le <strong>ch\u00e2teau Hordosse<\/strong> est bord\u00e9 par les rivi\u00e8res Osse et Gelise, et se trouve \u00e0 l&rsquo;or\u00e9e de la For\u00eat des Landes. Appartenant \u00e0 la famille Obrien, ce magnifique \u00e9difice remonte au XIIIe si\u00e8cle. Son nom, \u00ab\u00a0Hordosse\u00a0\u00bb, signifie litt\u00e9ralement \u00ab\u00a0Fort de l&rsquo;Osse\u00a0\u00bb.<\/p>\n\n\n\n<p>Sa grande all\u00e9e priv\u00e9e vous m\u00e8ne d&rsquo;abord \u00e0 sa tour du 15\u00e8me si\u00e8cle, qui fait partie des fortifications originales datant du 13\u00e8me si\u00e8cle. <\/p>\n\n\n\n<p>La partie \u00ab\u00a0ch\u00e2teau fran\u00e7ais classique\u00a0\u00bb construit au d\u00e9but du XVIIIe si\u00e8cle jouxte la tour. Compos\u00e9 de trois \u00e9tages, ses pi\u00e8ces sont dot\u00e9es de hauts plafonds et de vastes chemin\u00e9es.<\/p>\n\n\n\n<p><a href=\"https:\/\/chateauhordosse.com\/fr\/le-chateau\/\" data-type=\"page\" data-id=\"554\">Le ch\u00e2teau<\/a> se situe au centre de son propre parc qui s&rsquo;\u00e9tend sur 11 hectares. Ce terrain comprend des rivi\u00e8res, des bois et des espaces ouverts, offrant de nombreuses possibilit\u00e9s de <a href=\"https:\/\/chateauhordosse.com\/fr\/installations\/\" data-type=\"page\" data-id=\"556\">d\u00e9tente et d&rsquo;exploration<\/a>.<\/p>\n<\/div>\n\n\n\n<div class=\"wp-block-column is-layout-flow wp-block-column-is-layout-flow\" style=\"flex-basis:45%\">\n<figure class=\"wp-block-image size-large highlight\"><img loading=\"lazy\" decoding=\"async\" width=\"800\" height=\"530\" src=\"https:\/\/chateauhordosse.com\/wp-content\/uploads\/2020\/02\/chateau-hordosse-chambre-hote-vue-aerienne.jpg\" alt=\"\" class=\"wp-image-177\" srcset=\"https:\/\/chateauhordosse.com\/wp-content\/uploads\/2020\/02\/chateau-hordosse-chambre-hote-vue-aerienne.jpg 800w, https:\/\/chateauhordosse.com\/wp-content\/uploads\/2020\/02\/chateau-hordosse-chambre-hote-vue-aerienne-300x199.jpg 300w, https:\/\/chateauhordosse.com\/wp-content\/uploads\/2020\/02\/chateau-hordosse-chambre-hote-vue-aerienne-768x509.jpg 768w\" sizes=\"auto, (max-width: 800px) 100vw, 800px\" \/><\/figure>\n<\/div>\n<\/div>\n\n\n\n<hr class=\"wp-block-separator\"\/>\n\n\n\n<h1 class=\"gold-bg wp-block-heading\">Deux Belles Propri\u00e9t\u00e9s sur 11 Hectares&#8230; <\/h1>\n\n\n\n<div class=\"wp-block-columns are-vertically-aligned-center full-width is-layout-flex wp-container-core-columns-is-layout-9d6595d7 wp-block-columns-is-layout-flex\">\n<div class=\"wp-block-column is-vertically-aligned-center text-box is-layout-flow wp-block-column-is-layout-flow\">\n<h3 class=\"wp-block-heading\">Chambre d\u2019H\u00f4tes au Ch\u00e2teau<\/h3>\n\n\n\n<p>Le ch\u00e2teau est compos\u00e9 de quatre chambres et suites magnifiquement am\u00e9nag\u00e9es, toutes situ\u00e9es au premier \u00e9tage. La suite de la Tour comprend une luxueuse salle de bains avec baignoire en fonte.<br><br>Vos h\u00f4tes vous proposent le petit-d\u00e9jeuner dans la salle \u00e0 manger lumineuse et a\u00e9r\u00e9e, avec une vue donnant sur le jardin.<\/p>\n\n\n\n<div class=\"wp-block-button\"><a class=\"wp-block-button__link\" href=\"https:\/\/chateauhordosse.com\/fr\/le-chateau\/\">Lire la suite<\/a><\/div>\n<\/div>\n\n\n\n<div class=\"wp-block-column is-vertically-aligned-center is-layout-flow wp-block-column-is-layout-flow\">\n<figure class=\"wp-block-image size-full\"><img loading=\"lazy\" decoding=\"async\" width=\"1020\" height=\"684\" src=\"https:\/\/chateauhordosse.com\/wp-content\/uploads\/2020\/02\/chateau.jpg\" alt=\"\" class=\"wp-image-136\" srcset=\"https:\/\/chateauhordosse.com\/wp-content\/uploads\/2020\/02\/chateau.jpg 1020w, https:\/\/chateauhordosse.com\/wp-content\/uploads\/2020\/02\/chateau-300x201.jpg 300w, https:\/\/chateauhordosse.com\/wp-content\/uploads\/2020\/02\/chateau-768x515.jpg 768w\" sizes=\"auto, (max-width: 1020px) 100vw, 1020px\" \/><\/figure>\n<\/div>\n<\/div>\n\n\n\n<div class=\"wp-block-columns full-width is-layout-flex wp-container-core-columns-is-layout-9d6595d7 wp-block-columns-is-layout-flex\">\n<div class=\"wp-block-column is-layout-flow wp-block-column-is-layout-flow\">\n<figure class=\"wp-block-image size-full\"><img loading=\"lazy\" decoding=\"async\" width=\"750\" height=\"1000\" src=\"https:\/\/chateauhordosse.com\/wp-content\/uploads\/2020\/03\/gite-maison-gardien.jpg\" alt=\"gite la maison du gardien\" class=\"wp-image-372\" srcset=\"https:\/\/chateauhordosse.com\/wp-content\/uploads\/2020\/03\/gite-maison-gardien.jpg 750w, https:\/\/chateauhordosse.com\/wp-content\/uploads\/2020\/03\/gite-maison-gardien-225x300.jpg 225w\" sizes=\"auto, (max-width: 750px) 100vw, 750px\" \/><\/figure>\n<\/div>\n\n\n\n<div class=\"wp-block-column is-vertically-aligned-center text-box is-layout-flow wp-block-column-is-layout-flow\">\n<h3 class=\"wp-block-heading\">Le G\u00eete : La Maison Du Gardien<\/h3>\n\n\n\n<p>Situ\u00e9 \u00e0 l&rsquo;entr\u00e9e du parc du ch\u00e2teau, le g\u00eete comprend trois chambres, une cuisine \u00e9quip\u00e9e, un salon avec po\u00eale \u00e0 bois, et une terrasse priv\u00e9e donnant sur la rivi\u00e8re Osse.<br><br>Tout le monde s\u00e9journant au ch\u00e2teau Hordosse est invit\u00e9 \u00e0 profiter de la piscine chauff\u00e9e d&rsquo;eau sal\u00e9e.<\/p>\n\n\n\n<div class=\"wp-block-button\"><a class=\"wp-block-button__link\" href=\"https:\/\/chateauhordosse.com\/fr\/gite\/\">lire la suite<\/a><\/div>\n<\/div>\n<\/div>\n\n\n\n<div class=\"wp-block-columns full-width three-blocks is-layout-flex wp-container-core-columns-is-layout-9d6595d7 wp-block-columns-is-layout-flex\">\n<div class=\"wp-block-column is-vertically-aligned-top is-layout-flow wp-block-column-is-layout-flow\">\n<figure class=\"wp-block-image size-large\"><img loading=\"lazy\" decoding=\"async\" width=\"750\" height=\"1000\" src=\"https:\/\/chateauhordosse.com\/wp-content\/uploads\/2020\/03\/chateau-swimming-pool.jpg\" alt=\"chateau hordosse swimming pool\" class=\"wp-image-375\" srcset=\"https:\/\/chateauhordosse.com\/wp-content\/uploads\/2020\/03\/chateau-swimming-pool.jpg 750w, https:\/\/chateauhordosse.com\/wp-content\/uploads\/2020\/03\/chateau-swimming-pool-225x300.jpg 225w\" sizes=\"auto, (max-width: 750px) 100vw, 750px\" \/><\/figure>\n<\/div>\n\n\n\n<div class=\"wp-block-column is-vertically-aligned-center text-box is-layout-flow wp-block-column-is-layout-flow\">\n<p>Au ch\u00e2teau Hordosse tout le monde est bienvenu. Nos clients b\u00e9n\u00e9ficient du Wifi gratuit.<\/p>\n\n\n\n<p>Vous avez envie de vous amuser&nbsp;? Plongez dans notre piscine chauff\u00e9e de 15 m\u00e8tres avec sa pataugeoire.<\/p>\n\n\n\n<p>Un parc d&rsquo;activit\u00e9s de plein air se trouve \u00e0 proximit\u00e9 et propose de l&rsquo;Accrobranche, du cano\u00eb, du poney et de la randonn\u00e9e pieds nus ! Vous trouverez d&rsquo;excellents itin\u00e9raires de randonn\u00e9e ainsi que des v\u00e9los \u00e0 louer, dans la ville proche de Nerac.<\/p>\n\n\n\n<p><\/p>\n\n\n\n<div class=\"wp-block-button\"><a class=\"wp-block-button__link\" href=\"https:\/\/chateauhordosse.com\/fr\/installations\/\">Les installations<\/a><\/div>\n<\/div>\n\n\n\n<div class=\"wp-block-column is-vertically-aligned-top is-layout-flow wp-block-column-is-layout-flow\">\n<figure class=\"wp-block-image size-large\"><img loading=\"lazy\" decoding=\"async\" width=\"750\" height=\"1000\" src=\"https:\/\/chateauhordosse.com\/wp-content\/uploads\/2020\/03\/sunflowers.jpg\" alt=\"chateau grounds\" class=\"wp-image-382\" srcset=\"https:\/\/chateauhordosse.com\/wp-content\/uploads\/2020\/03\/sunflowers.jpg 750w, https:\/\/chateauhordosse.com\/wp-content\/uploads\/2020\/03\/sunflowers-225x300.jpg 225w\" sizes=\"auto, (max-width: 750px) 100vw, 750px\" \/><\/figure>\n<\/div>\n<\/div>\n\n\n\n<hr class=\"wp-block-separator\"\/>\n\n\n\n<div class=\"wp-block-themeisle-blocks-advanced-columns has-1-columns has-desktop-equal-layout has-tablet-equal-layout has-mobile-equal-layout has-default-gap has-vertical-unset\" id=\"wp-block-themeisle-blocks-advanced-columns-8c6e9edd\"><div class=\"wp-block-themeisle-blocks-advanced-columns-overlay\"><\/div><div class=\"innerblocks-wrap\">\n<div class=\"wp-block-themeisle-blocks-advanced-column home-review\" id=\"wp-block-themeisle-blocks-advanced-column-f049650f\">\n<h2 class=\"wp-block-heading\">T\u00e9moignages clients<\/h2>\n\n\n\n<p>Merci encore une fois pour votre hospitalit\u00e9. Des vacances merveilleuses, du beau temps, de la bonne nourriture&#8230; nous reviendrons !<\/p>\n\n\n\n<h4 class=\"wp-block-heading\">Olga, Peter et amis. La Belgique<\/h4>\n\n\n\n<p><\/p>\n\n\n\n<div class=\"wp-block-button\"><a class=\"wp-block-button__link\" href=\"https:\/\/chateauhordosse.com\/fr\/livre-dor\/\">Lire tous<\/a><\/div>\n<\/div>\n<\/div><\/div>\n","protected":false},"excerpt":{"rendered":"<p>Nich\u00e9 au c\u0153ur de la Gascogne, le ch\u00e2teau Hordosse est bord\u00e9 par les rivi\u00e8res Osse et Gelise, et se trouve \u00e0 l&rsquo;or\u00e9e de la For\u00eat des Landes. Appartenant \u00e0 la famille Obrien, ce magnifique \u00e9difice remonte au XIIIe si\u00e8cle. Son nom, \u00ab\u00a0Hordosse\u00a0\u00bb, signifie litt\u00e9ralement \u00ab\u00a0Fort de l&rsquo;Osse\u00a0\u00bb. Sa grande all\u00e9e priv\u00e9e vous m\u00e8ne d&rsquo;abord \u00e0&hellip;&nbsp;<a href=\"https:\/\/chateauhordosse.com\/fr\/\" rel=\"bookmark\">Lire la suite &raquo;<span class=\"screen-reader-text\">Chambres d\u2019h\u00f4te dans un ch\u00e2teau de luxe en Lot-et-Garonne<\/span><\/a><\/p>\n","protected":false},"author":1,"featured_media":525,"parent":0,"menu_order":0,"comment_status":"closed","ping_status":"closed","template":"","meta":{"neve_meta_sidebar":"full-width","neve_meta_container":"","neve_meta_enable_content_width":"on","neve_meta_content_width":100,"neve_meta_title_alignment":"","neve_meta_author_avatar":"","neve_post_elements_order":"","neve_meta_disable_header":"","neve_meta_disable_footer":"","neve_meta_disable_title":"","_themeisle_gutenberg_block_has_review":false,"footnotes":""},"class_list":["post-563","page","type-page","status-publish","has-post-thumbnail","hentry"],"yoast_head":"<!-- This site is optimized with the Yoast SEO plugin v27.4 - https:\/\/yoast.com\/product\/yoast-seo-wordpress\/ -->\n<title>Chambres d\u2019h\u00f4te dans un ch\u00e2teau de luxe - Ch\u00e2teau Hordosse<\/title>\n<meta name=\"description\" content=\"Le ch\u00e2teau Hordosse se trouve au c\u0153ur de la Gascogne. Il compte 4 magnifiques chambres. Un g\u00eete s\u00e9par\u00e9 de 3 lits est aussi disponible.\" \/>\n<meta name=\"robots\" content=\"index, follow, max-snippet:-1, max-image-preview:large, max-video-preview:-1\" \/>\n<link rel=\"canonical\" href=\"https:\/\/chateauhordosse.com\/fr\/\" \/>\n<meta property=\"og:locale\" content=\"fr_FR\" \/>\n<meta property=\"og:type\" content=\"article\" \/>\n<meta property=\"og:title\" content=\"Chambres d\u2019h\u00f4te dans un ch\u00e2teau de luxe - Ch\u00e2teau Hordosse\" \/>\n<meta property=\"og:description\" content=\"Le ch\u00e2teau Hordosse se trouve au c\u0153ur de la Gascogne. Il compte 4 magnifiques chambres. Un g\u00eete s\u00e9par\u00e9 de 3 lits est aussi disponible.\" \/>\n<meta property=\"og:url\" content=\"https:\/\/chateauhordosse.com\/fr\/\" \/>\n<meta property=\"og:site_name\" content=\"Ch\u00e2teau Hordosse\" \/>\n<meta property=\"article:modified_time\" content=\"2022-03-14T14:28:13+00:00\" \/>\n<meta property=\"og:image\" content=\"https:\/\/chateauhordosse.com\/wp-content\/uploads\/2020\/03\/chateau-hordosse-chambre-dhote.jpg\" \/>\n\t<meta property=\"og:image:width\" content=\"1600\" \/>\n\t<meta property=\"og:image:height\" content=\"1200\" \/>\n\t<meta property=\"og:image:type\" content=\"image\/jpeg\" \/>\n<meta name=\"twitter:card\" content=\"summary_large_image\" \/>\n<script type=\"application\/ld+json\" class=\"yoast-schema-graph\">{\"@context\":\"https:\\\/\\\/schema.org\",\"@graph\":[{\"@type\":\"WebPage\",\"@id\":\"https:\\\/\\\/chateauhordosse.com\\\/fr\\\/\",\"url\":\"https:\\\/\\\/chateauhordosse.com\\\/fr\\\/\",\"name\":\"Chambres d\u2019h\u00f4te dans un ch\u00e2teau de luxe - Ch\u00e2teau Hordosse\",\"isPartOf\":{\"@id\":\"https:\\\/\\\/chateauhordosse.com\\\/#website\"},\"primaryImageOfPage\":{\"@id\":\"https:\\\/\\\/chateauhordosse.com\\\/fr\\\/#primaryimage\"},\"image\":{\"@id\":\"https:\\\/\\\/chateauhordosse.com\\\/fr\\\/#primaryimage\"},\"thumbnailUrl\":\"https:\\\/\\\/chateauhordosse.com\\\/wp-content\\\/uploads\\\/2020\\\/03\\\/chateau-hordosse-chambre-dhote.jpg\",\"datePublished\":\"2020-02-17T11:31:39+00:00\",\"dateModified\":\"2022-03-14T14:28:13+00:00\",\"description\":\"Le ch\u00e2teau Hordosse se trouve au c\u0153ur de la Gascogne. Il compte 4 magnifiques chambres. Un g\u00eete s\u00e9par\u00e9 de 3 lits est aussi disponible.\",\"breadcrumb\":{\"@id\":\"https:\\\/\\\/chateauhordosse.com\\\/fr\\\/#breadcrumb\"},\"inLanguage\":\"fr-FR\",\"potentialAction\":[{\"@type\":\"ReadAction\",\"target\":[\"https:\\\/\\\/chateauhordosse.com\\\/fr\\\/\"]}]},{\"@type\":\"ImageObject\",\"inLanguage\":\"fr-FR\",\"@id\":\"https:\\\/\\\/chateauhordosse.com\\\/fr\\\/#primaryimage\",\"url\":\"https:\\\/\\\/chateauhordosse.com\\\/wp-content\\\/uploads\\\/2020\\\/03\\\/chateau-hordosse-chambre-dhote.jpg\",\"contentUrl\":\"https:\\\/\\\/chateauhordosse.com\\\/wp-content\\\/uploads\\\/2020\\\/03\\\/chateau-hordosse-chambre-dhote.jpg\",\"width\":1600,\"height\":1200},{\"@type\":\"BreadcrumbList\",\"@id\":\"https:\\\/\\\/chateauhordosse.com\\\/fr\\\/#breadcrumb\",\"itemListElement\":[{\"@type\":\"ListItem\",\"position\":1,\"name\":\"Home\",\"item\":\"https:\\\/\\\/chateauhordosse.com\\\/fr\\\/\"},{\"@type\":\"ListItem\",\"position\":2,\"name\":\"Chambres d\u2019h\u00f4te dans un ch\u00e2teau de luxe en Lot-et-Garonne\"}]},{\"@type\":\"WebSite\",\"@id\":\"https:\\\/\\\/chateauhordosse.com\\\/#website\",\"url\":\"https:\\\/\\\/chateauhordosse.com\\\/\",\"name\":\"Ch\u00e2teau Hordosse\",\"description\":\"Chateau holiday accommodation in Lot-et-Garonne, France\",\"publisher\":{\"@id\":\"https:\\\/\\\/chateauhordosse.com\\\/#organization\"},\"potentialAction\":[{\"@type\":\"SearchAction\",\"target\":{\"@type\":\"EntryPoint\",\"urlTemplate\":\"https:\\\/\\\/chateauhordosse.com\\\/?s={search_term_string}\"},\"query-input\":{\"@type\":\"PropertyValueSpecification\",\"valueRequired\":true,\"valueName\":\"search_term_string\"}}],\"inLanguage\":\"fr-FR\"},{\"@type\":\"Organization\",\"@id\":\"https:\\\/\\\/chateauhordosse.com\\\/#organization\",\"name\":\"Ch\u00e2teau Hordosse\",\"url\":\"https:\\\/\\\/chateauhordosse.com\\\/\",\"logo\":{\"@type\":\"ImageObject\",\"inLanguage\":\"fr-FR\",\"@id\":\"https:\\\/\\\/chateauhordosse.com\\\/#\\\/schema\\\/logo\\\/image\\\/\",\"url\":\"https:\\\/\\\/chateauhordosse.com\\\/wp-content\\\/uploads\\\/2020\\\/02\\\/chateau-hordosse-holiday-accommodation-logo.png\",\"contentUrl\":\"https:\\\/\\\/chateauhordosse.com\\\/wp-content\\\/uploads\\\/2020\\\/02\\\/chateau-hordosse-holiday-accommodation-logo.png\",\"width\":1400,\"height\":479,\"caption\":\"Ch\u00e2teau Hordosse\"},\"image\":{\"@id\":\"https:\\\/\\\/chateauhordosse.com\\\/#\\\/schema\\\/logo\\\/image\\\/\"}}]}<\/script>\n<!-- \/ Yoast SEO plugin. -->","yoast_head_json":{"title":"Chambres d\u2019h\u00f4te dans un ch\u00e2teau de luxe - Ch\u00e2teau Hordosse","description":"Le ch\u00e2teau Hordosse se trouve au c\u0153ur de la Gascogne. Il compte 4 magnifiques chambres. Un g\u00eete s\u00e9par\u00e9 de 3 lits est aussi disponible.","robots":{"index":"index","follow":"follow","max-snippet":"max-snippet:-1","max-image-preview":"max-image-preview:large","max-video-preview":"max-video-preview:-1"},"canonical":"https:\/\/chateauhordosse.com\/fr\/","og_locale":"fr_FR","og_type":"article","og_title":"Chambres d\u2019h\u00f4te dans un ch\u00e2teau de luxe - Ch\u00e2teau Hordosse","og_description":"Le ch\u00e2teau Hordosse se trouve au c\u0153ur de la Gascogne. Il compte 4 magnifiques chambres. Un g\u00eete s\u00e9par\u00e9 de 3 lits est aussi disponible.","og_url":"https:\/\/chateauhordosse.com\/fr\/","og_site_name":"Ch\u00e2teau Hordosse","article_modified_time":"2022-03-14T14:28:13+00:00","og_image":[{"width":1600,"height":1200,"url":"https:\/\/chateauhordosse.com\/wp-content\/uploads\/2020\/03\/chateau-hordosse-chambre-dhote.jpg","type":"image\/jpeg"}],"twitter_card":"summary_large_image","schema":{"@context":"https:\/\/schema.org","@graph":[{"@type":"WebPage","@id":"https:\/\/chateauhordosse.com\/fr\/","url":"https:\/\/chateauhordosse.com\/fr\/","name":"Chambres d\u2019h\u00f4te dans un ch\u00e2teau de luxe - Ch\u00e2teau Hordosse","isPartOf":{"@id":"https:\/\/chateauhordosse.com\/#website"},"primaryImageOfPage":{"@id":"https:\/\/chateauhordosse.com\/fr\/#primaryimage"},"image":{"@id":"https:\/\/chateauhordosse.com\/fr\/#primaryimage"},"thumbnailUrl":"https:\/\/chateauhordosse.com\/wp-content\/uploads\/2020\/03\/chateau-hordosse-chambre-dhote.jpg","datePublished":"2020-02-17T11:31:39+00:00","dateModified":"2022-03-14T14:28:13+00:00","description":"Le ch\u00e2teau Hordosse se trouve au c\u0153ur de la Gascogne. Il compte 4 magnifiques chambres. Un g\u00eete s\u00e9par\u00e9 de 3 lits est aussi disponible.","breadcrumb":{"@id":"https:\/\/chateauhordosse.com\/fr\/#breadcrumb"},"inLanguage":"fr-FR","potentialAction":[{"@type":"ReadAction","target":["https:\/\/chateauhordosse.com\/fr\/"]}]},{"@type":"ImageObject","inLanguage":"fr-FR","@id":"https:\/\/chateauhordosse.com\/fr\/#primaryimage","url":"https:\/\/chateauhordosse.com\/wp-content\/uploads\/2020\/03\/chateau-hordosse-chambre-dhote.jpg","contentUrl":"https:\/\/chateauhordosse.com\/wp-content\/uploads\/2020\/03\/chateau-hordosse-chambre-dhote.jpg","width":1600,"height":1200},{"@type":"BreadcrumbList","@id":"https:\/\/chateauhordosse.com\/fr\/#breadcrumb","itemListElement":[{"@type":"ListItem","position":1,"name":"Home","item":"https:\/\/chateauhordosse.com\/fr\/"},{"@type":"ListItem","position":2,"name":"Chambres d\u2019h\u00f4te dans un ch\u00e2teau de luxe en Lot-et-Garonne"}]},{"@type":"WebSite","@id":"https:\/\/chateauhordosse.com\/#website","url":"https:\/\/chateauhordosse.com\/","name":"Ch\u00e2teau Hordosse","description":"Chateau holiday accommodation in Lot-et-Garonne, France","publisher":{"@id":"https:\/\/chateauhordosse.com\/#organization"},"potentialAction":[{"@type":"SearchAction","target":{"@type":"EntryPoint","urlTemplate":"https:\/\/chateauhordosse.com\/?s={search_term_string}"},"query-input":{"@type":"PropertyValueSpecification","valueRequired":true,"valueName":"search_term_string"}}],"inLanguage":"fr-FR"},{"@type":"Organization","@id":"https:\/\/chateauhordosse.com\/#organization","name":"Ch\u00e2teau Hordosse","url":"https:\/\/chateauhordosse.com\/","logo":{"@type":"ImageObject","inLanguage":"fr-FR","@id":"https:\/\/chateauhordosse.com\/#\/schema\/logo\/image\/","url":"https:\/\/chateauhordosse.com\/wp-content\/uploads\/2020\/02\/chateau-hordosse-holiday-accommodation-logo.png","contentUrl":"https:\/\/chateauhordosse.com\/wp-content\/uploads\/2020\/02\/chateau-hordosse-holiday-accommodation-logo.png","width":1400,"height":479,"caption":"Ch\u00e2teau Hordosse"},"image":{"@id":"https:\/\/chateauhordosse.com\/#\/schema\/logo\/image\/"}}]}},"_links":{"self":[{"href":"https:\/\/chateauhordosse.com\/fr\/wp-json\/wp\/v2\/pages\/563","targetHints":{"allow":["GET"]}}],"collection":[{"href":"https:\/\/chateauhordosse.com\/fr\/wp-json\/wp\/v2\/pages"}],"about":[{"href":"https:\/\/chateauhordosse.com\/fr\/wp-json\/wp\/v2\/types\/page"}],"author":[{"embeddable":true,"href":"https:\/\/chateauhordosse.com\/fr\/wp-json\/wp\/v2\/users\/1"}],"replies":[{"embeddable":true,"href":"https:\/\/chateauhordosse.com\/fr\/wp-json\/wp\/v2\/comments?post=563"}],"version-history":[{"count":12,"href":"https:\/\/chateauhordosse.com\/fr\/wp-json\/wp\/v2\/pages\/563\/revisions"}],"predecessor-version":[{"id":765,"href":"https:\/\/chateauhordosse.com\/fr\/wp-json\/wp\/v2\/pages\/563\/revisions\/765"}],"wp:featuredmedia":[{"embeddable":true,"href":"https:\/\/chateauhordosse.com\/fr\/wp-json\/wp\/v2\/media\/525"}],"wp:attachment":[{"href":"https:\/\/chateauhordosse.com\/fr\/wp-json\/wp\/v2\/media?parent=563"}],"curies":[{"name":"wp","href":"https:\/\/api.w.org\/{rel}","templated":true}]}}