{"id":565,"date":"2021-11-23T11:37:50","date_gmt":"2021-11-23T11:37:50","guid":{"rendered":"https:\/\/chateauhordosse.com\/?page_id=565"},"modified":"2022-03-08T11:02:23","modified_gmt":"2022-03-08T11:02:23","slug":"cdv","status":"publish","type":"page","link":"https:\/\/chateauhordosse.com\/fr\/cdv\/","title":{"rendered":"Conditions G\u00e9n\u00e9rales de Vente"},"content":{"rendered":"\n<div class=\"wp-block-themeisle-blocks-advanced-columns has-1-columns has-desktop-equal-layout has-tablet-equal-layout has-mobile-equal-layout has-default-gap has-vertical-unset legal\" id=\"wp-block-themeisle-blocks-advanced-columns-738826e7\"><div class=\"wp-block-themeisle-blocks-advanced-columns-overlay\"><\/div><div class=\"innerblocks-wrap\">\n<div class=\"wp-block-themeisle-blocks-advanced-column\" id=\"wp-block-themeisle-blocks-advanced-column-dd1d8eaa\">\n<ul class=\"cdvs wp-block-list\"><li>Un contrat entre vous et nous (les propri\u00e9taires) entrera en vigueur une fois le paiement de l&rsquo;acompte re\u00e7u et la confirmation des dates de vacances envoy\u00e9e. Ce contrat vous lie, ainsi que tous les membres de votre groupe figurant sur le formulaire de r\u00e9servation, aux conditions g\u00e9n\u00e9rales \u00e9num\u00e9r\u00e9es ci-dessous.<\/li><li>Un acompte de 25 % est payable au moment de la r\u00e9servation. Les r\u00e9servations effectu\u00e9es moins de 6 semaines avant la date d\u2019arriv\u00e9e doivent \u00eatre pay\u00e9es int\u00e9gralement. Un d\u00e9p\u00f4t de garantie remboursable de 300\u20ac vous sera demand\u00e9 \u00e0 l&rsquo;arriv\u00e9e.<\/li><li>Le solde doit \u00eatre pay\u00e9 au plus tard 6 semaines avant la date d\u2019arriv\u00e9e.<\/li><li>Toute annulation doit \u00eatre notifi\u00e9e par \u00e9crit et les paiements seront rembours\u00e9s jusqu&rsquo;\u00e0 trois semaines avant la date d\u2019arriv\u00e9e.<\/li><li>Les propri\u00e9taires n\u2019annuleront une r\u00e9servation que dans des circonstances exceptionnelles ind\u00e9pendantes de leurs volont\u00e9. Dans un tel cas, nous rembourserons rapidement tout paiement effectu\u00e9 pour le s\u00e9jour. Notre responsabilit\u00e9 en cas d&rsquo;annulation sera limit\u00e9e aux paiements qui nous auraient \u00e9t\u00e9 vers\u00e9s.<\/li><li>Les r\u00e9servations ne peuvent \u00eatre accept\u00e9es pour les personnes \u00e2g\u00e9es de moins de 18 ans.<\/li><li>Le propri\u00e9taires se r\u00e9servent le droit de refuser une r\u00e9servation sans en donner la raison.<\/li><li>Les locations commencent normalement apr\u00e8s 16H, sauf accord contraire, et les clients sont tenus de lib\u00e9rer la propri\u00e9t\u00e9 avant 10H le jour du d\u00e9part.<\/li><li>Il est interdit de fumer ou de vapoter \u00e0 l&rsquo;int\u00e9rieur des b\u00e2timents.<\/li><li>Les animaux domestiques peuvent \u00eatre accept\u00e9s avec l&rsquo;accord pr\u00e9alable des propri\u00e9taires. Les clients sont responsables du toilettage de leurs animaux. Un d\u00e9p\u00f4t de garantie suppl\u00e9mentaire de 200 \u20ac sera demand\u00e9 aux propri\u00e9taires d&rsquo;animaux.<\/li><li>Piscine \u2013 elle est ouverte de 9h00 \u00e0 21h00. Les verres sont interdits pr\u00e8s de la piscine, ainsi que les serviettes de bain. Les enfants doivent \u00eatre surveill\u00e9s par un adulte.<\/li><li>Les clients sont responsables de leurs enfants. Les enfants ne doivent jamais \u00eatre laiss\u00e9s sans surveillance.<\/li><li>Cette propri\u00e9t\u00e9 est une propri\u00e9t\u00e9 priv\u00e9e et notre maison. Nous esp\u00e9rons que vous appr\u00e9cierez les installations. Merci d&rsquo;en prendre soin de notre maison comme si c&rsquo;\u00e9tait la v\u00f4tre.<\/li><\/ul>\n<\/div>\n<\/div><\/div>\n","protected":false},"excerpt":{"rendered":"","protected":false},"author":1,"featured_media":0,"parent":0,"menu_order":0,"comment_status":"closed","ping_status":"closed","template":"","meta":{"neve_meta_sidebar":"full-width","neve_meta_container":"contained","neve_meta_enable_content_width":"on","neve_meta_content_width":100,"neve_meta_title_alignment":"","neve_meta_author_avatar":"","neve_post_elements_order":"","neve_meta_disable_header":"","neve_meta_disable_footer":"","neve_meta_disable_title":"","_themeisle_gutenberg_block_has_review":false,"footnotes":""},"class_list":["post-565","page","type-page","status-publish","hentry"],"yoast_head":"<!-- This site is optimized with the Yoast SEO plugin v27.3 - https:\/\/yoast.com\/product\/yoast-seo-wordpress\/ -->\n<title>Conditions G\u00e9n\u00e9rales de Vente - Ch\u00e2teau Hordosse<\/title>\n<meta name=\"robots\" content=\"index, follow, max-snippet:-1, max-image-preview:large, max-video-preview:-1\" \/>\n<link rel=\"canonical\" href=\"https:\/\/chateauhordosse.com\/fr\/cdv\/\" \/>\n<meta property=\"og:locale\" content=\"fr_FR\" \/>\n<meta property=\"og:type\" content=\"article\" \/>\n<meta property=\"og:title\" content=\"Conditions G\u00e9n\u00e9rales de Vente - Ch\u00e2teau Hordosse\" \/>\n<meta property=\"og:url\" content=\"https:\/\/chateauhordosse.com\/fr\/cdv\/\" \/>\n<meta property=\"og:site_name\" content=\"Ch\u00e2teau Hordosse\" \/>\n<meta property=\"article:modified_time\" content=\"2022-03-08T11:02:23+00:00\" \/>\n<meta name=\"twitter:card\" content=\"summary_large_image\" \/>\n<script type=\"application\/ld+json\" class=\"yoast-schema-graph\">{\"@context\":\"https:\\\/\\\/schema.org\",\"@graph\":[{\"@type\":\"WebPage\",\"@id\":\"https:\\\/\\\/chateauhordosse.com\\\/fr\\\/cdv\\\/\",\"url\":\"https:\\\/\\\/chateauhordosse.com\\\/fr\\\/cdv\\\/\",\"name\":\"Conditions G\u00e9n\u00e9rales de Vente - Ch\u00e2teau Hordosse\",\"isPartOf\":{\"@id\":\"https:\\\/\\\/chateauhordosse.com\\\/#website\"},\"datePublished\":\"2021-11-23T11:37:50+00:00\",\"dateModified\":\"2022-03-08T11:02:23+00:00\",\"breadcrumb\":{\"@id\":\"https:\\\/\\\/chateauhordosse.com\\\/fr\\\/cdv\\\/#breadcrumb\"},\"inLanguage\":\"fr-FR\",\"potentialAction\":[{\"@type\":\"ReadAction\",\"target\":[\"https:\\\/\\\/chateauhordosse.com\\\/fr\\\/cdv\\\/\"]}]},{\"@type\":\"BreadcrumbList\",\"@id\":\"https:\\\/\\\/chateauhordosse.com\\\/fr\\\/cdv\\\/#breadcrumb\",\"itemListElement\":[{\"@type\":\"ListItem\",\"position\":1,\"name\":\"Home\",\"item\":\"https:\\\/\\\/chateauhordosse.com\\\/fr\\\/\"},{\"@type\":\"ListItem\",\"position\":2,\"name\":\"Conditions G\u00e9n\u00e9rales de Vente\"}]},{\"@type\":\"WebSite\",\"@id\":\"https:\\\/\\\/chateauhordosse.com\\\/#website\",\"url\":\"https:\\\/\\\/chateauhordosse.com\\\/\",\"name\":\"Ch\u00e2teau Hordosse\",\"description\":\"Chateau holiday accommodation in Lot-et-Garonne, France\",\"publisher\":{\"@id\":\"https:\\\/\\\/chateauhordosse.com\\\/#organization\"},\"potentialAction\":[{\"@type\":\"SearchAction\",\"target\":{\"@type\":\"EntryPoint\",\"urlTemplate\":\"https:\\\/\\\/chateauhordosse.com\\\/?s={search_term_string}\"},\"query-input\":{\"@type\":\"PropertyValueSpecification\",\"valueRequired\":true,\"valueName\":\"search_term_string\"}}],\"inLanguage\":\"fr-FR\"},{\"@type\":\"Organization\",\"@id\":\"https:\\\/\\\/chateauhordosse.com\\\/#organization\",\"name\":\"Ch\u00e2teau Hordosse\",\"url\":\"https:\\\/\\\/chateauhordosse.com\\\/\",\"logo\":{\"@type\":\"ImageObject\",\"inLanguage\":\"fr-FR\",\"@id\":\"https:\\\/\\\/chateauhordosse.com\\\/#\\\/schema\\\/logo\\\/image\\\/\",\"url\":\"https:\\\/\\\/chateauhordosse.com\\\/wp-content\\\/uploads\\\/2020\\\/02\\\/chateau-hordosse-holiday-accommodation-logo.png\",\"contentUrl\":\"https:\\\/\\\/chateauhordosse.com\\\/wp-content\\\/uploads\\\/2020\\\/02\\\/chateau-hordosse-holiday-accommodation-logo.png\",\"width\":1400,\"height\":479,\"caption\":\"Ch\u00e2teau Hordosse\"},\"image\":{\"@id\":\"https:\\\/\\\/chateauhordosse.com\\\/#\\\/schema\\\/logo\\\/image\\\/\"}}]}<\/script>\n<!-- \/ Yoast SEO plugin. -->","yoast_head_json":{"title":"Conditions G\u00e9n\u00e9rales de Vente - Ch\u00e2teau Hordosse","robots":{"index":"index","follow":"follow","max-snippet":"max-snippet:-1","max-image-preview":"max-image-preview:large","max-video-preview":"max-video-preview:-1"},"canonical":"https:\/\/chateauhordosse.com\/fr\/cdv\/","og_locale":"fr_FR","og_type":"article","og_title":"Conditions G\u00e9n\u00e9rales de Vente - Ch\u00e2teau Hordosse","og_url":"https:\/\/chateauhordosse.com\/fr\/cdv\/","og_site_name":"Ch\u00e2teau Hordosse","article_modified_time":"2022-03-08T11:02:23+00:00","twitter_card":"summary_large_image","schema":{"@context":"https:\/\/schema.org","@graph":[{"@type":"WebPage","@id":"https:\/\/chateauhordosse.com\/fr\/cdv\/","url":"https:\/\/chateauhordosse.com\/fr\/cdv\/","name":"Conditions G\u00e9n\u00e9rales de Vente - Ch\u00e2teau Hordosse","isPartOf":{"@id":"https:\/\/chateauhordosse.com\/#website"},"datePublished":"2021-11-23T11:37:50+00:00","dateModified":"2022-03-08T11:02:23+00:00","breadcrumb":{"@id":"https:\/\/chateauhordosse.com\/fr\/cdv\/#breadcrumb"},"inLanguage":"fr-FR","potentialAction":[{"@type":"ReadAction","target":["https:\/\/chateauhordosse.com\/fr\/cdv\/"]}]},{"@type":"BreadcrumbList","@id":"https:\/\/chateauhordosse.com\/fr\/cdv\/#breadcrumb","itemListElement":[{"@type":"ListItem","position":1,"name":"Home","item":"https:\/\/chateauhordosse.com\/fr\/"},{"@type":"ListItem","position":2,"name":"Conditions G\u00e9n\u00e9rales de Vente"}]},{"@type":"WebSite","@id":"https:\/\/chateauhordosse.com\/#website","url":"https:\/\/chateauhordosse.com\/","name":"Ch\u00e2teau Hordosse","description":"Chateau holiday accommodation in Lot-et-Garonne, France","publisher":{"@id":"https:\/\/chateauhordosse.com\/#organization"},"potentialAction":[{"@type":"SearchAction","target":{"@type":"EntryPoint","urlTemplate":"https:\/\/chateauhordosse.com\/?s={search_term_string}"},"query-input":{"@type":"PropertyValueSpecification","valueRequired":true,"valueName":"search_term_string"}}],"inLanguage":"fr-FR"},{"@type":"Organization","@id":"https:\/\/chateauhordosse.com\/#organization","name":"Ch\u00e2teau Hordosse","url":"https:\/\/chateauhordosse.com\/","logo":{"@type":"ImageObject","inLanguage":"fr-FR","@id":"https:\/\/chateauhordosse.com\/#\/schema\/logo\/image\/","url":"https:\/\/chateauhordosse.com\/wp-content\/uploads\/2020\/02\/chateau-hordosse-holiday-accommodation-logo.png","contentUrl":"https:\/\/chateauhordosse.com\/wp-content\/uploads\/2020\/02\/chateau-hordosse-holiday-accommodation-logo.png","width":1400,"height":479,"caption":"Ch\u00e2teau Hordosse"},"image":{"@id":"https:\/\/chateauhordosse.com\/#\/schema\/logo\/image\/"}}]}},"_links":{"self":[{"href":"https:\/\/chateauhordosse.com\/fr\/wp-json\/wp\/v2\/pages\/565","targetHints":{"allow":["GET"]}}],"collection":[{"href":"https:\/\/chateauhordosse.com\/fr\/wp-json\/wp\/v2\/pages"}],"about":[{"href":"https:\/\/chateauhordosse.com\/fr\/wp-json\/wp\/v2\/types\/page"}],"author":[{"embeddable":true,"href":"https:\/\/chateauhordosse.com\/fr\/wp-json\/wp\/v2\/users\/1"}],"replies":[{"embeddable":true,"href":"https:\/\/chateauhordosse.com\/fr\/wp-json\/wp\/v2\/comments?post=565"}],"version-history":[{"count":10,"href":"https:\/\/chateauhordosse.com\/fr\/wp-json\/wp\/v2\/pages\/565\/revisions"}],"predecessor-version":[{"id":760,"href":"https:\/\/chateauhordosse.com\/fr\/wp-json\/wp\/v2\/pages\/565\/revisions\/760"}],"wp:attachment":[{"href":"https:\/\/chateauhordosse.com\/fr\/wp-json\/wp\/v2\/media?parent=565"}],"curies":[{"name":"wp","href":"https:\/\/api.w.org\/{rel}","templated":true}]}}