{"id":567,"date":"2020-02-17T11:33:52","date_gmt":"2020-02-17T11:33:52","guid":{"rendered":"https:\/\/chateauhordosse.com\/?page_id=567"},"modified":"2022-03-08T10:49:29","modified_gmt":"2022-03-08T10:49:29","slug":"endroit","status":"publish","type":"page","link":"https:\/\/chateauhordosse.com\/fr\/endroit\/","title":{"rendered":"L&rsquo;Endroit"},"content":{"rendered":"\n<div class=\"wp-block-themeisle-blocks-advanced-columns has-1-columns has-desktop-equal-layout has-tablet-equal-layout has-mobile-equal-layout has-default-gap has-vertical-unset non-flex\" id=\"wp-block-themeisle-blocks-advanced-columns-64efe286\"><div class=\"wp-block-themeisle-blocks-advanced-columns-overlay\"><\/div><div class=\"innerblocks-wrap\">\n<div class=\"wp-block-themeisle-blocks-advanced-column text-narrow\" id=\"wp-block-themeisle-blocks-advanced-column-01429760\">\n<p>La r\u00e9gion historique de la Gascogne, dans le sud-ouest de la France, pr\u00e9sente de nombreux attraits, avec ses collines, ses larges vall\u00e9es et ses bastides. Les vins et la cuisine sont, bien s\u00fbr, de renomm\u00e9e internationale. L&rsquo;Armagnac, le p\u00e2t\u00e9 de foie gras et les vins de Buzet sont tous produits localement. Un peu plus loin, on peut aller faire une d\u00e9gustation des grands vins de Bordeaux.<\/p>\n\n\n\n<h3 class=\"wp-block-heading\">Aux Alentours<\/h3>\n\n\n\n<p>Le ch\u00e2teau Hordosse est situ\u00e9 \u00e0 5 kilom\u00e8tres de la jolie ville de N\u00e9rac, o\u00f9 Henri IV de France a tenu sa cour. Le ch\u00e2teau d&rsquo;Henri IV est situ\u00e9 dans le centre de Nerac.<\/p>\n\n\n\n<p>Nerac est situ\u00e9 sur la rivi\u00e8re Baise o\u00f9 plusieurs bars et restaurants donnent sur la rivi\u00e8re avec son trafic de bateaux \u00e0 moteur et de cano\u00ebs. Faites une promenade en bateau depuis le quai pour vous offrir une autre perspective de la r\u00e9gion, ou promenez dans le parc de la Garenne avec ses all\u00e9es verdoyantes et ses fontaines pittoresques, en vous arr\u00eatant peut-\u00eatre au petit caf\u00e9 pour prendre une boisson fra\u00eeche.<\/p>\n\n\n\n<div class=\"wp-block-image\"><figure class=\"alignright size-full is-resized\"><img loading=\"lazy\" decoding=\"async\" src=\"https:\/\/chateauhordosse.com\/wp-content\/uploads\/2022\/02\/nerac.jpg\" alt=\"\" class=\"wp-image-611\" width=\"500\" height=\"450\" srcset=\"https:\/\/chateauhordosse.com\/wp-content\/uploads\/2022\/02\/nerac.jpg 1000w, https:\/\/chateauhordosse.com\/wp-content\/uploads\/2022\/02\/nerac-300x270.jpg 300w, https:\/\/chateauhordosse.com\/wp-content\/uploads\/2022\/02\/nerac-768x691.jpg 768w\" sizes=\"auto, (max-width: 500px) 100vw, 500px\" \/><\/figure><\/div>\n\n\n\n<p>Nerac est connue pour son march\u00e9 du samedi matin, qui propose une abondance de produits locaux. Nerac abrite \u00e9galement toutes les commodit\u00e9s quotidiennes dont vous aurez besoin, y compris supermarch\u00e9s, banques, pharmacies&#8230;<\/p>\n\n\n\n<p>Des march\u00e9s nocturnes sont organis\u00e9s dans de nombreuses villes et villages de la r\u00e9gion. Ces \u00e9v\u00e9nements sont l&rsquo;occasion pour les producteurs locaux de se r\u00e9unir et de cuisiner\/pr\u00e9parer leurs produits pour les d\u00e9guster sous les \u00e9toiles, souvent accompagn\u00e9s d&rsquo;un groupe de musique.<\/p>\n\n\n\n<p>Une autre fa\u00e7on de d\u00e9couvrir la r\u00e9gion est de prendre le train touristique de Nerac \u00e0 Mezin, o\u00f9 vous pourrez observer la flore et la faune locale. Le train passe lentement devant de nombreux beaux b\u00e2timents historiques.<\/p>\n<\/div>\n<\/div><\/div>\n","protected":false},"excerpt":{"rendered":"","protected":false},"author":1,"featured_media":531,"parent":0,"menu_order":0,"comment_status":"closed","ping_status":"closed","template":"","meta":{"neve_meta_sidebar":"full-width","neve_meta_container":"","neve_meta_enable_content_width":"on","neve_meta_content_width":100,"neve_meta_title_alignment":"","neve_meta_author_avatar":"","neve_post_elements_order":"","neve_meta_disable_header":"","neve_meta_disable_footer":"","neve_meta_disable_title":"","_themeisle_gutenberg_block_has_review":false,"footnotes":""},"class_list":["post-567","page","type-page","status-publish","has-post-thumbnail","hentry"],"yoast_head":"<!-- This site is optimized with the Yoast SEO plugin v27.3 - https:\/\/yoast.com\/product\/yoast-seo-wordpress\/ -->\n<title>D\u00e9couvrir la Gascogne en Lot-et-Garonne - Ch\u00e2teau Hordosse<\/title>\n<meta name=\"description\" content=\"La Gascogne pr\u00e9sente de nombreux attraits, avec ses collines, ses bastides et sa fameuse cuisine. Ch\u00e2teau Hordosse est pr\u00e8s de la ville de N\u00e9rac.\" \/>\n<meta name=\"robots\" content=\"index, follow, max-snippet:-1, max-image-preview:large, max-video-preview:-1\" \/>\n<link rel=\"canonical\" href=\"https:\/\/chateauhordosse.com\/fr\/endroit\/\" \/>\n<meta property=\"og:locale\" content=\"fr_FR\" \/>\n<meta property=\"og:type\" content=\"article\" \/>\n<meta property=\"og:title\" content=\"D\u00e9couvrir la Gascogne en Lot-et-Garonne - Ch\u00e2teau Hordosse\" \/>\n<meta property=\"og:description\" content=\"La Gascogne pr\u00e9sente de nombreux attraits, avec ses collines, ses bastides et sa fameuse cuisine. Ch\u00e2teau Hordosse est pr\u00e8s de la ville de N\u00e9rac.\" \/>\n<meta property=\"og:url\" content=\"https:\/\/chateauhordosse.com\/fr\/endroit\/\" \/>\n<meta property=\"og:site_name\" content=\"Ch\u00e2teau Hordosse\" \/>\n<meta property=\"article:modified_time\" content=\"2022-03-08T10:49:29+00:00\" \/>\n<meta property=\"og:image\" content=\"https:\/\/chateauhordosse.com\/wp-content\/uploads\/2020\/03\/chateau-grounds-daffodils.jpg\" \/>\n\t<meta property=\"og:image:width\" content=\"1500\" \/>\n\t<meta property=\"og:image:height\" content=\"1181\" \/>\n\t<meta property=\"og:image:type\" content=\"image\/jpeg\" \/>\n<meta name=\"twitter:card\" content=\"summary_large_image\" \/>\n<script type=\"application\/ld+json\" class=\"yoast-schema-graph\">{\"@context\":\"https:\\\/\\\/schema.org\",\"@graph\":[{\"@type\":\"WebPage\",\"@id\":\"https:\\\/\\\/chateauhordosse.com\\\/fr\\\/endroit\\\/\",\"url\":\"https:\\\/\\\/chateauhordosse.com\\\/fr\\\/endroit\\\/\",\"name\":\"D\u00e9couvrir la Gascogne en Lot-et-Garonne - Ch\u00e2teau Hordosse\",\"isPartOf\":{\"@id\":\"https:\\\/\\\/chateauhordosse.com\\\/#website\"},\"primaryImageOfPage\":{\"@id\":\"https:\\\/\\\/chateauhordosse.com\\\/fr\\\/endroit\\\/#primaryimage\"},\"image\":{\"@id\":\"https:\\\/\\\/chateauhordosse.com\\\/fr\\\/endroit\\\/#primaryimage\"},\"thumbnailUrl\":\"https:\\\/\\\/chateauhordosse.com\\\/wp-content\\\/uploads\\\/2020\\\/03\\\/chateau-grounds-daffodils.jpg\",\"datePublished\":\"2020-02-17T11:33:52+00:00\",\"dateModified\":\"2022-03-08T10:49:29+00:00\",\"description\":\"La Gascogne pr\u00e9sente de nombreux attraits, avec ses collines, ses bastides et sa fameuse cuisine. Ch\u00e2teau Hordosse est pr\u00e8s de la ville de N\u00e9rac.\",\"breadcrumb\":{\"@id\":\"https:\\\/\\\/chateauhordosse.com\\\/fr\\\/endroit\\\/#breadcrumb\"},\"inLanguage\":\"fr-FR\",\"potentialAction\":[{\"@type\":\"ReadAction\",\"target\":[\"https:\\\/\\\/chateauhordosse.com\\\/fr\\\/endroit\\\/\"]}]},{\"@type\":\"ImageObject\",\"inLanguage\":\"fr-FR\",\"@id\":\"https:\\\/\\\/chateauhordosse.com\\\/fr\\\/endroit\\\/#primaryimage\",\"url\":\"https:\\\/\\\/chateauhordosse.com\\\/wp-content\\\/uploads\\\/2020\\\/03\\\/chateau-grounds-daffodils.jpg\",\"contentUrl\":\"https:\\\/\\\/chateauhordosse.com\\\/wp-content\\\/uploads\\\/2020\\\/03\\\/chateau-grounds-daffodils.jpg\",\"width\":1500,\"height\":1181},{\"@type\":\"BreadcrumbList\",\"@id\":\"https:\\\/\\\/chateauhordosse.com\\\/fr\\\/endroit\\\/#breadcrumb\",\"itemListElement\":[{\"@type\":\"ListItem\",\"position\":1,\"name\":\"Home\",\"item\":\"https:\\\/\\\/chateauhordosse.com\\\/fr\\\/\"},{\"@type\":\"ListItem\",\"position\":2,\"name\":\"L&#8217;Endroit\"}]},{\"@type\":\"WebSite\",\"@id\":\"https:\\\/\\\/chateauhordosse.com\\\/#website\",\"url\":\"https:\\\/\\\/chateauhordosse.com\\\/\",\"name\":\"Ch\u00e2teau Hordosse\",\"description\":\"Chateau holiday accommodation in Lot-et-Garonne, France\",\"publisher\":{\"@id\":\"https:\\\/\\\/chateauhordosse.com\\\/#organization\"},\"potentialAction\":[{\"@type\":\"SearchAction\",\"target\":{\"@type\":\"EntryPoint\",\"urlTemplate\":\"https:\\\/\\\/chateauhordosse.com\\\/?s={search_term_string}\"},\"query-input\":{\"@type\":\"PropertyValueSpecification\",\"valueRequired\":true,\"valueName\":\"search_term_string\"}}],\"inLanguage\":\"fr-FR\"},{\"@type\":\"Organization\",\"@id\":\"https:\\\/\\\/chateauhordosse.com\\\/#organization\",\"name\":\"Ch\u00e2teau Hordosse\",\"url\":\"https:\\\/\\\/chateauhordosse.com\\\/\",\"logo\":{\"@type\":\"ImageObject\",\"inLanguage\":\"fr-FR\",\"@id\":\"https:\\\/\\\/chateauhordosse.com\\\/#\\\/schema\\\/logo\\\/image\\\/\",\"url\":\"https:\\\/\\\/chateauhordosse.com\\\/wp-content\\\/uploads\\\/2020\\\/02\\\/chateau-hordosse-holiday-accommodation-logo.png\",\"contentUrl\":\"https:\\\/\\\/chateauhordosse.com\\\/wp-content\\\/uploads\\\/2020\\\/02\\\/chateau-hordosse-holiday-accommodation-logo.png\",\"width\":1400,\"height\":479,\"caption\":\"Ch\u00e2teau Hordosse\"},\"image\":{\"@id\":\"https:\\\/\\\/chateauhordosse.com\\\/#\\\/schema\\\/logo\\\/image\\\/\"}}]}<\/script>\n<!-- \/ Yoast SEO plugin. -->","yoast_head_json":{"title":"D\u00e9couvrir la Gascogne en Lot-et-Garonne - Ch\u00e2teau Hordosse","description":"La Gascogne pr\u00e9sente de nombreux attraits, avec ses collines, ses bastides et sa fameuse cuisine. Ch\u00e2teau Hordosse est pr\u00e8s de la ville de N\u00e9rac.","robots":{"index":"index","follow":"follow","max-snippet":"max-snippet:-1","max-image-preview":"max-image-preview:large","max-video-preview":"max-video-preview:-1"},"canonical":"https:\/\/chateauhordosse.com\/fr\/endroit\/","og_locale":"fr_FR","og_type":"article","og_title":"D\u00e9couvrir la Gascogne en Lot-et-Garonne - Ch\u00e2teau Hordosse","og_description":"La Gascogne pr\u00e9sente de nombreux attraits, avec ses collines, ses bastides et sa fameuse cuisine. Ch\u00e2teau Hordosse est pr\u00e8s de la ville de N\u00e9rac.","og_url":"https:\/\/chateauhordosse.com\/fr\/endroit\/","og_site_name":"Ch\u00e2teau Hordosse","article_modified_time":"2022-03-08T10:49:29+00:00","og_image":[{"width":1500,"height":1181,"url":"https:\/\/chateauhordosse.com\/wp-content\/uploads\/2020\/03\/chateau-grounds-daffodils.jpg","type":"image\/jpeg"}],"twitter_card":"summary_large_image","schema":{"@context":"https:\/\/schema.org","@graph":[{"@type":"WebPage","@id":"https:\/\/chateauhordosse.com\/fr\/endroit\/","url":"https:\/\/chateauhordosse.com\/fr\/endroit\/","name":"D\u00e9couvrir la Gascogne en Lot-et-Garonne - Ch\u00e2teau Hordosse","isPartOf":{"@id":"https:\/\/chateauhordosse.com\/#website"},"primaryImageOfPage":{"@id":"https:\/\/chateauhordosse.com\/fr\/endroit\/#primaryimage"},"image":{"@id":"https:\/\/chateauhordosse.com\/fr\/endroit\/#primaryimage"},"thumbnailUrl":"https:\/\/chateauhordosse.com\/wp-content\/uploads\/2020\/03\/chateau-grounds-daffodils.jpg","datePublished":"2020-02-17T11:33:52+00:00","dateModified":"2022-03-08T10:49:29+00:00","description":"La Gascogne pr\u00e9sente de nombreux attraits, avec ses collines, ses bastides et sa fameuse cuisine. Ch\u00e2teau Hordosse est pr\u00e8s de la ville de N\u00e9rac.","breadcrumb":{"@id":"https:\/\/chateauhordosse.com\/fr\/endroit\/#breadcrumb"},"inLanguage":"fr-FR","potentialAction":[{"@type":"ReadAction","target":["https:\/\/chateauhordosse.com\/fr\/endroit\/"]}]},{"@type":"ImageObject","inLanguage":"fr-FR","@id":"https:\/\/chateauhordosse.com\/fr\/endroit\/#primaryimage","url":"https:\/\/chateauhordosse.com\/wp-content\/uploads\/2020\/03\/chateau-grounds-daffodils.jpg","contentUrl":"https:\/\/chateauhordosse.com\/wp-content\/uploads\/2020\/03\/chateau-grounds-daffodils.jpg","width":1500,"height":1181},{"@type":"BreadcrumbList","@id":"https:\/\/chateauhordosse.com\/fr\/endroit\/#breadcrumb","itemListElement":[{"@type":"ListItem","position":1,"name":"Home","item":"https:\/\/chateauhordosse.com\/fr\/"},{"@type":"ListItem","position":2,"name":"L&#8217;Endroit"}]},{"@type":"WebSite","@id":"https:\/\/chateauhordosse.com\/#website","url":"https:\/\/chateauhordosse.com\/","name":"Ch\u00e2teau Hordosse","description":"Chateau holiday accommodation in Lot-et-Garonne, France","publisher":{"@id":"https:\/\/chateauhordosse.com\/#organization"},"potentialAction":[{"@type":"SearchAction","target":{"@type":"EntryPoint","urlTemplate":"https:\/\/chateauhordosse.com\/?s={search_term_string}"},"query-input":{"@type":"PropertyValueSpecification","valueRequired":true,"valueName":"search_term_string"}}],"inLanguage":"fr-FR"},{"@type":"Organization","@id":"https:\/\/chateauhordosse.com\/#organization","name":"Ch\u00e2teau Hordosse","url":"https:\/\/chateauhordosse.com\/","logo":{"@type":"ImageObject","inLanguage":"fr-FR","@id":"https:\/\/chateauhordosse.com\/#\/schema\/logo\/image\/","url":"https:\/\/chateauhordosse.com\/wp-content\/uploads\/2020\/02\/chateau-hordosse-holiday-accommodation-logo.png","contentUrl":"https:\/\/chateauhordosse.com\/wp-content\/uploads\/2020\/02\/chateau-hordosse-holiday-accommodation-logo.png","width":1400,"height":479,"caption":"Ch\u00e2teau Hordosse"},"image":{"@id":"https:\/\/chateauhordosse.com\/#\/schema\/logo\/image\/"}}]}},"_links":{"self":[{"href":"https:\/\/chateauhordosse.com\/fr\/wp-json\/wp\/v2\/pages\/567","targetHints":{"allow":["GET"]}}],"collection":[{"href":"https:\/\/chateauhordosse.com\/fr\/wp-json\/wp\/v2\/pages"}],"about":[{"href":"https:\/\/chateauhordosse.com\/fr\/wp-json\/wp\/v2\/types\/page"}],"author":[{"embeddable":true,"href":"https:\/\/chateauhordosse.com\/fr\/wp-json\/wp\/v2\/users\/1"}],"replies":[{"embeddable":true,"href":"https:\/\/chateauhordosse.com\/fr\/wp-json\/wp\/v2\/comments?post=567"}],"version-history":[{"count":11,"href":"https:\/\/chateauhordosse.com\/fr\/wp-json\/wp\/v2\/pages\/567\/revisions"}],"predecessor-version":[{"id":756,"href":"https:\/\/chateauhordosse.com\/fr\/wp-json\/wp\/v2\/pages\/567\/revisions\/756"}],"wp:featuredmedia":[{"embeddable":true,"href":"https:\/\/chateauhordosse.com\/fr\/wp-json\/wp\/v2\/media\/531"}],"wp:attachment":[{"href":"https:\/\/chateauhordosse.com\/fr\/wp-json\/wp\/v2\/media?parent=567"}],"curies":[{"name":"wp","href":"https:\/\/api.w.org\/{rel}","templated":true}]}}