{"id":569,"date":"2020-02-17T11:33:30","date_gmt":"2020-02-17T11:33:30","guid":{"rendered":"https:\/\/chateauhordosse.com\/?page_id=569"},"modified":"2022-03-14T14:26:23","modified_gmt":"2022-03-14T14:26:23","slug":"le-gite","status":"publish","type":"page","link":"https:\/\/chateauhordosse.com\/fr\/le-gite\/","title":{"rendered":"Le G\u00eete : La Maison du Gardien"},"content":{"rendered":"\n<div class=\"wp-block-themeisle-blocks-advanced-columns has-1-columns has-desktop-equal-layout has-tablet-equal-layout has-mobile-equal-layout has-default-gap has-vertical-unset text-narrow\" id=\"wp-block-themeisle-blocks-advanced-columns-e764ef10\"><div class=\"wp-block-themeisle-blocks-advanced-columns-overlay\"><\/div><div class=\"innerblocks-wrap\">\n<div class=\"wp-block-themeisle-blocks-advanced-column\" id=\"wp-block-themeisle-blocks-advanced-column-ce98f32a\">\n<p>Le G\u00eete \u00ab\u00a0La Maison du Gardien\u00a0\u00bb est situ\u00e9e \u00e0 l&rsquo;entr\u00e9e du parc du ch\u00e2teau. Une maison ind\u00e9pendante en pierre, elle poss\u00e8de trois chambres et une terrasse priv\u00e9e donnant sur la rivi\u00e8re Osse.<\/p>\n\n\n\n<p>Cette maison de 3 chambres peut accueillir jusqu\u2019\u00e0 6 personnes et se compose d&rsquo;une cuisine enti\u00e8rement \u00e9quip\u00e9e comprenant un lave-vaisselle et un micro-ondes, d&rsquo;un salon avec des portes-fen\u00eatres donnant sur la terrasse, d&rsquo;un po\u00eale \u00e0 bois et d&rsquo;une t\u00e9l\u00e9vision avec lecteur CD. Salle de bains et WC s\u00e9par\u00e9s.<\/p>\n\n\n\n<p>L\u2019utilisation de l\u2019ensemble des installations de loisirs est compris.<\/p>\n\n\n\n<h2 class=\"wp-block-heading\">Tarifs (par semaine)<\/h2>\n\n\n\n<p>550\u20ac &#8211; 750\u20ac<\/p>\n<\/div>\n<\/div><\/div>\n\n\n\n<div class=\"wp-block-columns three-col-gallery is-layout-flex wp-container-core-columns-is-layout-9d6595d7 wp-block-columns-is-layout-flex\">\n<div class=\"wp-block-column is-layout-flow wp-block-column-is-layout-flow\">\n<figure class=\"wp-block-image size-large\"><a href=\"https:\/\/chateauhordosse.com\/wp-content\/uploads\/2020\/09\/MDG-Salon.jpg\" data-lbwps-width=\"900\" data-lbwps-height=\"1200\" data-lbwps-srcsmall=\"https:\/\/chateauhordosse.com\/wp-content\/uploads\/2020\/09\/MDG-Salon-225x300.jpg\"><img loading=\"lazy\" decoding=\"async\" width=\"768\" height=\"1024\" src=\"https:\/\/chateauhordosse.com\/wp-content\/uploads\/2020\/09\/MDG-Salon-768x1024.jpg\" alt=\"gite lounge\" class=\"wp-image-431\" srcset=\"https:\/\/chateauhordosse.com\/wp-content\/uploads\/2020\/09\/MDG-Salon-768x1024.jpg 768w, https:\/\/chateauhordosse.com\/wp-content\/uploads\/2020\/09\/MDG-Salon-225x300.jpg 225w, https:\/\/chateauhordosse.com\/wp-content\/uploads\/2020\/09\/MDG-Salon.jpg 900w\" sizes=\"auto, (max-width: 768px) 100vw, 768px\" \/><\/a><figcaption>Salon du g\u00eete<\/figcaption><\/figure>\n<\/div>\n\n\n\n<div class=\"wp-block-column is-layout-flow wp-block-column-is-layout-flow\">\n<figure class=\"wp-block-image size-large\"><a href=\"https:\/\/chateauhordosse.com\/wp-content\/uploads\/2020\/10\/mdg-kitchen.jpg\" data-lbwps-width=\"750\" data-lbwps-height=\"1000\" data-lbwps-srcsmall=\"https:\/\/chateauhordosse.com\/wp-content\/uploads\/2020\/10\/mdg-kitchen-225x300.jpg\"><img loading=\"lazy\" decoding=\"async\" width=\"750\" height=\"1000\" src=\"https:\/\/chateauhordosse.com\/wp-content\/uploads\/2020\/10\/mdg-kitchen.jpg\" alt=\"\" class=\"wp-image-441\" srcset=\"https:\/\/chateauhordosse.com\/wp-content\/uploads\/2020\/10\/mdg-kitchen.jpg 750w, https:\/\/chateauhordosse.com\/wp-content\/uploads\/2020\/10\/mdg-kitchen-225x300.jpg 225w\" sizes=\"auto, (max-width: 750px) 100vw, 750px\" \/><\/a><figcaption>Cuisine du g\u00eete<\/figcaption><\/figure>\n<\/div>\n\n\n\n<div class=\"wp-block-column is-layout-flow wp-block-column-is-layout-flow\">\n<figure class=\"wp-block-image size-large\"><a href=\"https:\/\/chateauhordosse.com\/wp-content\/uploads\/2020\/09\/MDG-Chambre.jpg\" data-lbwps-width=\"900\" data-lbwps-height=\"1200\" data-lbwps-srcsmall=\"https:\/\/chateauhordosse.com\/wp-content\/uploads\/2020\/09\/MDG-Chambre-225x300.jpg\"><img loading=\"lazy\" decoding=\"async\" width=\"768\" height=\"1024\" src=\"https:\/\/chateauhordosse.com\/wp-content\/uploads\/2020\/09\/MDG-Chambre-768x1024.jpg\" alt=\"gite bedroom\" class=\"wp-image-432\" srcset=\"https:\/\/chateauhordosse.com\/wp-content\/uploads\/2020\/09\/MDG-Chambre-768x1024.jpg 768w, https:\/\/chateauhordosse.com\/wp-content\/uploads\/2020\/09\/MDG-Chambre-225x300.jpg 225w, https:\/\/chateauhordosse.com\/wp-content\/uploads\/2020\/09\/MDG-Chambre.jpg 900w\" sizes=\"auto, (max-width: 768px) 100vw, 768px\" \/><\/a><figcaption>Chambre du g\u00eete<\/figcaption><\/figure>\n<\/div>\n<\/div>\n","protected":false},"excerpt":{"rendered":"","protected":false},"author":1,"featured_media":520,"parent":0,"menu_order":0,"comment_status":"closed","ping_status":"closed","template":"","meta":{"neve_meta_sidebar":"full-width","neve_meta_container":"","neve_meta_enable_content_width":"on","neve_meta_content_width":100,"neve_meta_title_alignment":"","neve_meta_author_avatar":"","neve_post_elements_order":"","neve_meta_disable_header":"","neve_meta_disable_footer":"","neve_meta_disable_title":"","_themeisle_gutenberg_block_has_review":false,"footnotes":""},"class_list":["post-569","page","type-page","status-publish","has-post-thumbnail","hentry"],"yoast_head":"<!-- This site is optimized with the Yoast SEO plugin v27.3 - https:\/\/yoast.com\/product\/yoast-seo-wordpress\/ -->\n<title>Le G\u00eete : La Maison du Gardien - Ch\u00e2teau Hordosse<\/title>\n<meta name=\"robots\" content=\"index, follow, max-snippet:-1, max-image-preview:large, max-video-preview:-1\" \/>\n<link rel=\"canonical\" href=\"https:\/\/chateauhordosse.com\/fr\/le-gite\/\" \/>\n<meta property=\"og:locale\" content=\"fr_FR\" \/>\n<meta property=\"og:type\" content=\"article\" \/>\n<meta property=\"og:title\" content=\"Le G\u00eete : La Maison du Gardien - Ch\u00e2teau Hordosse\" \/>\n<meta property=\"og:url\" content=\"https:\/\/chateauhordosse.com\/fr\/le-gite\/\" \/>\n<meta property=\"og:site_name\" content=\"Ch\u00e2teau Hordosse\" \/>\n<meta property=\"article:modified_time\" content=\"2022-03-14T14:26:23+00:00\" \/>\n<meta property=\"og:image\" content=\"https:\/\/chateauhordosse.com\/wp-content\/uploads\/2020\/03\/gite-maison-gardien.jpg\" \/>\n\t<meta property=\"og:image:width\" content=\"750\" \/>\n\t<meta property=\"og:image:height\" content=\"1000\" \/>\n\t<meta property=\"og:image:type\" content=\"image\/jpeg\" \/>\n<meta name=\"twitter:card\" content=\"summary_large_image\" \/>\n<script type=\"application\/ld+json\" class=\"yoast-schema-graph\">{\"@context\":\"https:\\\/\\\/schema.org\",\"@graph\":[{\"@type\":\"WebPage\",\"@id\":\"https:\\\/\\\/chateauhordosse.com\\\/fr\\\/le-gite\\\/\",\"url\":\"https:\\\/\\\/chateauhordosse.com\\\/fr\\\/le-gite\\\/\",\"name\":\"Le G\u00eete : La Maison du Gardien - Ch\u00e2teau Hordosse\",\"isPartOf\":{\"@id\":\"https:\\\/\\\/chateauhordosse.com\\\/#website\"},\"primaryImageOfPage\":{\"@id\":\"https:\\\/\\\/chateauhordosse.com\\\/fr\\\/le-gite\\\/#primaryimage\"},\"image\":{\"@id\":\"https:\\\/\\\/chateauhordosse.com\\\/fr\\\/le-gite\\\/#primaryimage\"},\"thumbnailUrl\":\"https:\\\/\\\/chateauhordosse.com\\\/wp-content\\\/uploads\\\/2020\\\/03\\\/gite-maison-gardien.jpg\",\"datePublished\":\"2020-02-17T11:33:30+00:00\",\"dateModified\":\"2022-03-14T14:26:23+00:00\",\"breadcrumb\":{\"@id\":\"https:\\\/\\\/chateauhordosse.com\\\/fr\\\/le-gite\\\/#breadcrumb\"},\"inLanguage\":\"fr-FR\",\"potentialAction\":[{\"@type\":\"ReadAction\",\"target\":[\"https:\\\/\\\/chateauhordosse.com\\\/fr\\\/le-gite\\\/\"]}]},{\"@type\":\"ImageObject\",\"inLanguage\":\"fr-FR\",\"@id\":\"https:\\\/\\\/chateauhordosse.com\\\/fr\\\/le-gite\\\/#primaryimage\",\"url\":\"https:\\\/\\\/chateauhordosse.com\\\/wp-content\\\/uploads\\\/2020\\\/03\\\/gite-maison-gardien.jpg\",\"contentUrl\":\"https:\\\/\\\/chateauhordosse.com\\\/wp-content\\\/uploads\\\/2020\\\/03\\\/gite-maison-gardien.jpg\",\"width\":750,\"height\":1000},{\"@type\":\"BreadcrumbList\",\"@id\":\"https:\\\/\\\/chateauhordosse.com\\\/fr\\\/le-gite\\\/#breadcrumb\",\"itemListElement\":[{\"@type\":\"ListItem\",\"position\":1,\"name\":\"Home\",\"item\":\"https:\\\/\\\/chateauhordosse.com\\\/fr\\\/\"},{\"@type\":\"ListItem\",\"position\":2,\"name\":\"Le G\u00eete : La Maison du Gardien\"}]},{\"@type\":\"WebSite\",\"@id\":\"https:\\\/\\\/chateauhordosse.com\\\/#website\",\"url\":\"https:\\\/\\\/chateauhordosse.com\\\/\",\"name\":\"Ch\u00e2teau Hordosse\",\"description\":\"Chateau holiday accommodation in Lot-et-Garonne, France\",\"publisher\":{\"@id\":\"https:\\\/\\\/chateauhordosse.com\\\/#organization\"},\"potentialAction\":[{\"@type\":\"SearchAction\",\"target\":{\"@type\":\"EntryPoint\",\"urlTemplate\":\"https:\\\/\\\/chateauhordosse.com\\\/?s={search_term_string}\"},\"query-input\":{\"@type\":\"PropertyValueSpecification\",\"valueRequired\":true,\"valueName\":\"search_term_string\"}}],\"inLanguage\":\"fr-FR\"},{\"@type\":\"Organization\",\"@id\":\"https:\\\/\\\/chateauhordosse.com\\\/#organization\",\"name\":\"Ch\u00e2teau Hordosse\",\"url\":\"https:\\\/\\\/chateauhordosse.com\\\/\",\"logo\":{\"@type\":\"ImageObject\",\"inLanguage\":\"fr-FR\",\"@id\":\"https:\\\/\\\/chateauhordosse.com\\\/#\\\/schema\\\/logo\\\/image\\\/\",\"url\":\"https:\\\/\\\/chateauhordosse.com\\\/wp-content\\\/uploads\\\/2020\\\/02\\\/chateau-hordosse-holiday-accommodation-logo.png\",\"contentUrl\":\"https:\\\/\\\/chateauhordosse.com\\\/wp-content\\\/uploads\\\/2020\\\/02\\\/chateau-hordosse-holiday-accommodation-logo.png\",\"width\":1400,\"height\":479,\"caption\":\"Ch\u00e2teau Hordosse\"},\"image\":{\"@id\":\"https:\\\/\\\/chateauhordosse.com\\\/#\\\/schema\\\/logo\\\/image\\\/\"}}]}<\/script>\n<!-- \/ Yoast SEO plugin. -->","yoast_head_json":{"title":"Le G\u00eete : La Maison du Gardien - Ch\u00e2teau Hordosse","robots":{"index":"index","follow":"follow","max-snippet":"max-snippet:-1","max-image-preview":"max-image-preview:large","max-video-preview":"max-video-preview:-1"},"canonical":"https:\/\/chateauhordosse.com\/fr\/le-gite\/","og_locale":"fr_FR","og_type":"article","og_title":"Le G\u00eete : La Maison du Gardien - Ch\u00e2teau Hordosse","og_url":"https:\/\/chateauhordosse.com\/fr\/le-gite\/","og_site_name":"Ch\u00e2teau Hordosse","article_modified_time":"2022-03-14T14:26:23+00:00","og_image":[{"width":750,"height":1000,"url":"https:\/\/chateauhordosse.com\/wp-content\/uploads\/2020\/03\/gite-maison-gardien.jpg","type":"image\/jpeg"}],"twitter_card":"summary_large_image","schema":{"@context":"https:\/\/schema.org","@graph":[{"@type":"WebPage","@id":"https:\/\/chateauhordosse.com\/fr\/le-gite\/","url":"https:\/\/chateauhordosse.com\/fr\/le-gite\/","name":"Le G\u00eete : La Maison du Gardien - Ch\u00e2teau Hordosse","isPartOf":{"@id":"https:\/\/chateauhordosse.com\/#website"},"primaryImageOfPage":{"@id":"https:\/\/chateauhordosse.com\/fr\/le-gite\/#primaryimage"},"image":{"@id":"https:\/\/chateauhordosse.com\/fr\/le-gite\/#primaryimage"},"thumbnailUrl":"https:\/\/chateauhordosse.com\/wp-content\/uploads\/2020\/03\/gite-maison-gardien.jpg","datePublished":"2020-02-17T11:33:30+00:00","dateModified":"2022-03-14T14:26:23+00:00","breadcrumb":{"@id":"https:\/\/chateauhordosse.com\/fr\/le-gite\/#breadcrumb"},"inLanguage":"fr-FR","potentialAction":[{"@type":"ReadAction","target":["https:\/\/chateauhordosse.com\/fr\/le-gite\/"]}]},{"@type":"ImageObject","inLanguage":"fr-FR","@id":"https:\/\/chateauhordosse.com\/fr\/le-gite\/#primaryimage","url":"https:\/\/chateauhordosse.com\/wp-content\/uploads\/2020\/03\/gite-maison-gardien.jpg","contentUrl":"https:\/\/chateauhordosse.com\/wp-content\/uploads\/2020\/03\/gite-maison-gardien.jpg","width":750,"height":1000},{"@type":"BreadcrumbList","@id":"https:\/\/chateauhordosse.com\/fr\/le-gite\/#breadcrumb","itemListElement":[{"@type":"ListItem","position":1,"name":"Home","item":"https:\/\/chateauhordosse.com\/fr\/"},{"@type":"ListItem","position":2,"name":"Le G\u00eete : La Maison du Gardien"}]},{"@type":"WebSite","@id":"https:\/\/chateauhordosse.com\/#website","url":"https:\/\/chateauhordosse.com\/","name":"Ch\u00e2teau Hordosse","description":"Chateau holiday accommodation in Lot-et-Garonne, France","publisher":{"@id":"https:\/\/chateauhordosse.com\/#organization"},"potentialAction":[{"@type":"SearchAction","target":{"@type":"EntryPoint","urlTemplate":"https:\/\/chateauhordosse.com\/?s={search_term_string}"},"query-input":{"@type":"PropertyValueSpecification","valueRequired":true,"valueName":"search_term_string"}}],"inLanguage":"fr-FR"},{"@type":"Organization","@id":"https:\/\/chateauhordosse.com\/#organization","name":"Ch\u00e2teau Hordosse","url":"https:\/\/chateauhordosse.com\/","logo":{"@type":"ImageObject","inLanguage":"fr-FR","@id":"https:\/\/chateauhordosse.com\/#\/schema\/logo\/image\/","url":"https:\/\/chateauhordosse.com\/wp-content\/uploads\/2020\/02\/chateau-hordosse-holiday-accommodation-logo.png","contentUrl":"https:\/\/chateauhordosse.com\/wp-content\/uploads\/2020\/02\/chateau-hordosse-holiday-accommodation-logo.png","width":1400,"height":479,"caption":"Ch\u00e2teau Hordosse"},"image":{"@id":"https:\/\/chateauhordosse.com\/#\/schema\/logo\/image\/"}}]}},"_links":{"self":[{"href":"https:\/\/chateauhordosse.com\/fr\/wp-json\/wp\/v2\/pages\/569","targetHints":{"allow":["GET"]}}],"collection":[{"href":"https:\/\/chateauhordosse.com\/fr\/wp-json\/wp\/v2\/pages"}],"about":[{"href":"https:\/\/chateauhordosse.com\/fr\/wp-json\/wp\/v2\/types\/page"}],"author":[{"embeddable":true,"href":"https:\/\/chateauhordosse.com\/fr\/wp-json\/wp\/v2\/users\/1"}],"replies":[{"embeddable":true,"href":"https:\/\/chateauhordosse.com\/fr\/wp-json\/wp\/v2\/comments?post=569"}],"version-history":[{"count":8,"href":"https:\/\/chateauhordosse.com\/fr\/wp-json\/wp\/v2\/pages\/569\/revisions"}],"predecessor-version":[{"id":764,"href":"https:\/\/chateauhordosse.com\/fr\/wp-json\/wp\/v2\/pages\/569\/revisions\/764"}],"wp:featuredmedia":[{"embeddable":true,"href":"https:\/\/chateauhordosse.com\/fr\/wp-json\/wp\/v2\/media\/520"}],"wp:attachment":[{"href":"https:\/\/chateauhordosse.com\/fr\/wp-json\/wp\/v2\/media?parent=569"}],"curies":[{"name":"wp","href":"https:\/\/api.w.org\/{rel}","templated":true}]}}